{"id":4938,"date":"2019-01-02T00:51:59","date_gmt":"2019-01-01T22:51:59","guid":{"rendered":"https:\/\/www.radl-kini.de\/wordpress\/?page_id=4938"},"modified":"2024-09-13T18:48:41","modified_gmt":"2024-09-13T16:48:41","slug":"ueber-mi","status":"publish","type":"page","link":"https:\/\/www.radl-kini.de\/wordpress\/?page_id=4938","title":{"rendered":"\u00dcber mi"},"content":{"rendered":"\n<p><strong>Servus mitnand,<\/strong><\/p>\n\n\n\n<p>Keine Angst: nur die Begr\u00fc\u00dfung und die \u00dcberschriften der Men\u00fcs sind etwas bayerisch angef\u00e4rbt. Die Artikel sind (weitestgehend) in ganz normalem, manchmal vielleicht nicht ganz korrektem Hochdeutsch verfasst. Andererseits f\u00fchle ich mich dem bayerischen schon ein wenig verpflichtet &#8211; nicht zuletzt wegen dem Namen &#8222;Radl-Kini&#8220;.<br>Zur kurzen Erkl\u00e4rung um Mi\u00dfverst\u00e4ndnissen vorzubeugen. Also &#8222;Radl&#8220; sollte auch f\u00fcr Nicht-Bayern klar sein. Und auch den Begriff &#8222;Kini&#8220; haben sicher schon viele mal geh\u00f6rt, aber in anderem Zusammenhang. F\u00fcr alle Nicht-Bayern daher, laut bayerischem W\u00f6rterbuch:<\/p>\n\n\n\n<p>Kini [kine \/ ki:ne] = K\u00f6nig<\/p>\n\n\n\n<p>Und NEIN, ich bin nicht der &#8222;K\u00f6nig der Radler&#8220; und schon gar nicht bezeichne ich mich als den besten Radler. Wohl aber ist das Gef\u00fchl in mir beim radln entlang der Felder, Fl\u00fcsse und \u00fcber H\u00fcgel und Berge oft k\u00f6niglich &#8211; gleich ob in Bayern oder au\u00dferhalb Bayerns. Denn eines ist klar: es gibt \u00fcberall in Deutschland und auf der auf der ganzen Welt sch\u00f6ne Landschaften, die es wert sind erkundet zu werden. Und am besten geht das eben auf dem Radl. Und das wiederum reicht mir, um mich als Radl-Kini zu bezeichnen!<\/p>\n\n\n\n<p>Gr\u00fcsse vom Autor&#8230;<\/p>\n\n\n<div class=\"wp-block-image\">\n<figure class=\"aligncenter\"><img decoding=\"async\" src=\"https:\/\/www.radl-kini.de\/images\/Grossglockner_Peakbreak2008.jpg\" alt=\"Bild Autor\"\/><figcaption class=\"wp-element-caption\">Foto \u00a9 Gernot Muhr<\/figcaption><\/figure><\/div>\n\n<div class=\"wp-block-image\">\n<figure class=\"aligncenter\"><img decoding=\"async\" src=\"https:\/\/www.radl-kini.de\/images\/rk_weblogo.jpg\" alt=\"rk_weblogo\"\/><\/figure><\/div>","protected":false},"excerpt":{"rendered":"<p>Servus mitnand, Keine Angst: nur die Begr\u00fc\u00dfung und die \u00dcberschriften der Men\u00fcs sind etwas bayerisch angef\u00e4rbt. Die Artikel sind (weitestgehend) in ganz normalem, manchmal vielleicht nicht ganz korrektem Hochdeutsch verfasst. Andererseits f\u00fchle ich mich dem bayerischen schon ein wenig verpflichtet &#8211; nicht zuletzt wegen dem Namen &#8222;Radl-Kini&#8220;.Zur kurzen Erkl\u00e4rung um Mi\u00dfverst\u00e4ndnissen vorzubeugen. Also &#8222;Radl&#8220; sollte auch f\u00fcr Nicht-Bayern klar sein. Und auch den Begriff &#8222;Kini&#8220; haben sicher schon viele mal geh\u00f6rt, aber in anderem Zusammenhang. F\u00fcr alle Nicht-Bayern daher, laut bayerischem W\u00f6rterbuch: Kini [kine \/ ki:ne] = K\u00f6nig Und NEIN, ich bin nicht der &#8222;K\u00f6nig der Radler&#8220; und schon gar nicht bezeichne ich mich als den besten Radler. Wohl aber ist das Gef\u00fchl in mir beim radln entlang der Felder, Fl\u00fcsse und \u00fcber H\u00fcgel und Berge oft k\u00f6niglich &#8211; gleich ob in Bayern oder au\u00dferhalb Bayerns. Denn eines ist klar: es gibt \u00fcberall in Deutschland und auf der auf der ganzen Welt sch\u00f6ne Landschaften, die es wert sind erkundet zu werden. Und am besten geht das eben auf dem Radl. Und das wiederum reicht mir, &hellip;<\/p>\n","protected":false},"author":1,"featured_media":0,"parent":0,"menu_order":0,"comment_status":"closed","ping_status":"closed","template":"","meta":{"ngg_post_thumbnail":0,"footnotes":""},"class_list":["post-4938","page","type-page","status-publish","hentry"],"jetpack_sharing_enabled":true,"jetpack_shortlink":"https:\/\/wp.me\/Pak1G4-1hE","_links":{"self":[{"href":"https:\/\/www.radl-kini.de\/wordpress\/index.php?rest_route=\/wp\/v2\/pages\/4938","targetHints":{"allow":["GET"]}}],"collection":[{"href":"https:\/\/www.radl-kini.de\/wordpress\/index.php?rest_route=\/wp\/v2\/pages"}],"about":[{"href":"https:\/\/www.radl-kini.de\/wordpress\/index.php?rest_route=\/wp\/v2\/types\/page"}],"author":[{"embeddable":true,"href":"https:\/\/www.radl-kini.de\/wordpress\/index.php?rest_route=\/wp\/v2\/users\/1"}],"replies":[{"embeddable":true,"href":"https:\/\/www.radl-kini.de\/wordpress\/index.php?rest_route=%2Fwp%2Fv2%2Fcomments&post=4938"}],"version-history":[{"count":3,"href":"https:\/\/www.radl-kini.de\/wordpress\/index.php?rest_route=\/wp\/v2\/pages\/4938\/revisions"}],"predecessor-version":[{"id":5089,"href":"https:\/\/www.radl-kini.de\/wordpress\/index.php?rest_route=\/wp\/v2\/pages\/4938\/revisions\/5089"}],"wp:attachment":[{"href":"https:\/\/www.radl-kini.de\/wordpress\/index.php?rest_route=%2Fwp%2Fv2%2Fmedia&parent=4938"}],"curies":[{"name":"wp","href":"https:\/\/api.w.org\/{rel}","templated":true}]}}