{"id":23,"date":"2013-12-31T16:51:03","date_gmt":"2013-12-31T14:51:03","guid":{"rendered":"http:\/\/www.radl-kini.de\/wordpress\/?page_id=23"},"modified":"2024-09-13T18:43:37","modified_gmt":"2024-09-13T16:43:37","slug":"radl-kini-dahoam","status":"publish","type":"page","link":"https:\/\/www.radl-kini.de\/wordpress\/","title":{"rendered":"Dahoam (Home)"},"content":{"rendered":"<p><strong><span style=\"color: #ff0000;\">Diese Seite ist als Startseite definiert:<\/span><\/strong><\/p>\n<p><strong><span style=\"color: #ff0000;\">Dieser Inhalt sollte nicht angezeigt werden!<\/span><\/strong><\/p>\n<p>&nbsp;<\/p>\n<p><strong>Servus mitnand,<\/strong><\/p>\n<p>Keine Angst: nur die Begr\u00fc\u00dfung und die \u00dcberschriften der Men\u00fcs sind etwas bayerisch angef\u00e4rbt. Die Artikel sind (weitestgehend) in ganz normalem, manchmal vielleicht nicht ganz korrektem Hochdeutsch verfasst. Andererseits f\u00fchle ich mich dem bayerischen schon ein wenig verpflichtet &#8211; nicht zuletzt wegen dem Namen &#8222;Radl-Kini&#8220;.<br \/>\nZur kurzen Erkl\u00e4rung um Mi\u00dfverst\u00e4ndnissen vorzubeugen. Also &#8222;Radl&#8220; sollte auch f\u00fcr Nicht-Bayern klar sein. Und auch den Begriff &#8222;Kini&#8220; haben sicher schon viele mal geh\u00f6rt, aber in anderem Zusammenhang. F\u00fcr alle Nicht-Bayern daher, laut bayerischem W\u00f6rterbuch:<\/p>\n<p>Kini [k<u>i<\/u>ne \/ k<u>i:<\/u>ne] = K\u00f6nig<\/p>\n<p>Und NEIN, ich bin nicht der &#8222;K\u00f6nig der Radler&#8220; und schon gar nicht bezeichne ich mich als den besten Radler. Wohl aber ist das Gef\u00fchl in mir beim radln entlang der Felder, Fl\u00fcsse und \u00fcber H\u00fcgel und Berge oft k\u00f6niglich &#8211; gleich ob in Bayern oder au\u00dferhalb Bayerns. Denn eines ist klar: es gibt \u00fcberall in Deutschland und auf der auf der ganzen Welt sch\u00f6ne Landschaften, die es wert sind erkundet zu werden. Und am besten geht das eben auf dem Radl. Und das wiederum reicht mir, um mich als Radl-Kini zu bezeichnen!<\/p>\n<p><span style=\"color: #ff0000;\"><strong>Update 01.01.2019:<\/strong><\/span><br \/>\n<span style=\"color: #ff0000;\">In \u00dcberarbeitung<\/span><\/p>\n<p><span style=\"color: #000000;\"><strong>Update 06.05.2018:<\/strong><\/span><br \/>\n<span style=\"color: #000000;\"> Ich finde eine statische Startseite charmant. Die erste Seite ist eine Visitenkarte. Allerdings meine Visitenkarte nicht mehr zeitgem\u00e4\u00df und zu umst\u00e4ndlich zu pflegen.<\/span><br \/>\n<span style=\"color: #000000;\"> Es wird also Zeit f\u00fcr ein neues Format&#8230; demn\u00e4chst \ud83d\ude09<\/span><\/p>\n<ul>\n<li><a title=\"24 Stunden Rennen Kelheim 2013\" href=\"http:\/\/www.radl-kini.de\/wordpress\/?p=1323\"><strong>24 Stunden Rennen Kelheim 2013<\/strong><\/a><\/li>\n<\/ul>\n<p>Kleiner Nachtrag: der Bericht ist schon l\u00e4nger online, war hier aber nicht verkn\u00fcpft.<\/p>\n<ul>\n<li><strong>2016 November <\/strong><a href=\"https:\/\/www.radl-kini.de\/wordpress\/?p=2694\"><strong>King of the Lake<\/strong><\/a><\/li>\n<\/ul>\n<p>Zeitfahren mal nicht auf dem Ergometer, sondern in echt. Der &#8222;King of the Lake&#8220; 2016 wurde zwar bereits Ende September ausgetragen, aber hier kommt jetzt dann doch noch ein Erlebnisbericht. Fazit: Absolut fahrenswert!!! Und wenn ich dann am Ende schon nicht &#8222;King of the Lake&#8220; geworden bin: Ich bin in jedem Fall &#8222;Kini of the Lake&#8220; \ud83d\ude42<br \/>\n<a href=\"https:\/\/www.radl-kini.de\/wordpress\/?p=2694\">Hier geht&#8217;s weiter&#8230;<\/a><\/p>\n<ul>\n<li><strong>2016 Mai <\/strong><a href=\"https:\/\/www.radl-kini.de\/wordpress\/?page_id=2007\"><strong>KWT Zeitfahren<\/strong><\/a><\/li>\n<\/ul>\n<p>Dieses Projekt ist mir ein echtes Anliegen. Es wendet sich speziell an alle Leute, die im Portal von KETTLER WORLD TOURS (KWT) mitfahren. Das ist ein Portal f\u00fcr all diejenigen, die mit einem Ergometer Online trainieren oder Rennen fahren. Beim Wort &#8222;Ergometer&#8220; denken vielleicht jetzt einige von euch an &#8222;Hometrainer&#8220; und langweilig. Das KWT-Portal ist &#8211; auch ganz abgesehen von meinem Projekt &#8222;KWT Zeitfahren&#8220; &#8211; alles andere&nbsp; als langweilig. Wer das nicht glaubt, der sollte mal <a href=\"https:\/\/www.kettlerworldtours.de\">hier <\/a>weiterlesen oder es in einem live in einem Fitness-Studio ausprobieren.<br \/>\nWer mehr \u00fcber das Projekt &#8222;KWT Zeifahren&#8220; erfahren will oder bereits einen Kettler Ergometer besitzt und mitmachen will, der sollte unbedingt <a href=\"https:\/\/wwws.radl-kini.de\/wordpress\/?page_id=2007\">hier weiterlesen&#8230;<\/a><\/p>\n<ul>\n<li><strong>2016 M\u00e4rz&nbsp;<\/strong><strong><a href=\"http:\/\/www.radl-kini.de\/wordpress\/?cat=102\">Vetter Radsport Blog<\/a><\/strong><\/li>\n<\/ul>\n<p>In einer Firma mit mehr als 3600 Mitarbeitern MUSS es mehr als 6 bis 8 Mitarbeiter geben, die gelegentlich mal Rennrad fahren. Wir fahren jeden Mittwoch ab 18 Uhr und freuen uns \u00fcber jeden Kollegen \/ jede Kollegin die hier mal vorbeischaut.<br \/>\n<a href=\"https:\/\/www.radl-kini.de\/wordpress\/?cat=102\">Einfach mal weiterlesen&#8230;<\/a><\/p>\n<ul>\n<li><strong>2014 Mai<\/strong> (gefahren Mai 2014):<\/li>\n<\/ul>\n<p>Schwaben pur: Zwei Varianten von Ravensburg nach Augsburg (Neus\u00e4\u00df) und umgekehrt.<br \/>\n<a title=\"Bayerisch Schwaben &amp; Oberschwaben oder im Land der 1001 Namenlosen H\u00fcgel.\" href=\"https:\/\/www.radl-kini.de\/wordpress\/?p=1479\">Bayerisch Schwaben &amp; Oberschwaben oder im Land der 1001 Namenlosen H\u00fcgel.<\/a><\/p>\n<ul>\n<li><b>2014 Mai <\/b>(gefahren Mai 2014):<\/li>\n<\/ul>\n<p>Eine nette kleine Runde f\u00fcr den Feiereabend in n\u00f6rdlichen Bogen um Ravensburg herum. Im Vergleich zum Osten, S\u00fcden und Westen gibt es im Norden leider nicht so viele kurze Varianten um 50 bis 60&nbsp; km. Diese hier \u00fcber Aulendorf und Berg ist in jedem Fall lohnenswert:<br \/>\n<a title=\"Ravensburg Nord (Aulendorf\/Bergatreute)\" href=\"https:\/\/www.radl-kini.de\/wordpress\/?p=1418\">Ravensburg Nord (Aulendorf\/Bergatreute)<\/a><\/p>\n<ul>\n<li><b>2014 M\u00e4rz <\/b>(gefahren Juli 2010):<\/li>\n<\/ul>\n<p>Zugegeben: es ist schon eine Weile her, dass ich die <a title=\"Tour du Mont Blanc 2010\" href=\"https:\/\/www.radl-kini.de\/wordpress\/?p=1328\">Tour du Mont Blanc <\/a>unter die R\u00e4der genommen habe. Allerdings finde ich dieses Rennen so beeindruckend, dass ich dann doch einige Zeilen dar\u00fcber schreiben wollte. F\u00fcr die einen als Anregung auf die bevorstehende Saison und vielleicht auch als Ziel. F\u00fcr die Anderen einfach nur zum lesen.<\/p>\n<ul>\n<li><b>2014 Januar<\/b> (gefahren September 2012 &amp; September 2013):<\/li>\n<\/ul>\n<p>Zwei sch\u00f6ne Rundtouren durch Oberschwaben von Ravensburg aus. Auf \u00fcberwiegend kleinen Nebenstra\u00dfen einmal 100 km&nbsp; Richtung Pfullendorf und einmal 100 km Richtung Allg\u00e4u. Gefahren 2012 und 2013 im Rahmen der Firmenausfahrt von Vetter-Pharma:<br \/>\n<a title=\"Vetter Rennradausfahrt 2012 (Ravensburg-Pullendorf-Ravensburg)\" href=\"https:\/\/www.radl-kini.de\/wordpress\/?p=178\">Ravensburg-Pfullendorf-Ravensburg (2012)<br \/>\n<\/a><a title=\"Vetter Rennradausfahrt 2013 (Ravensburg \u2013 Ki\u00dflegg \u2013 Laimnau \u2013 Ravensburg)\" href=\"https:\/\/www.radl-kini.de\/wordpress\/?p=104\">Ravensburg-Kissleg-Laimnau-Ravensburg (2013)<\/a><\/p>\n<ul>\n<li><b>2011 September<\/b> (gefahren M\u00e4rz 2010):<\/li>\n<\/ul>\n<p>Wie man am Datum sieht, hinke ich der Zeit mit meinen Berichten deutlich hinterher. Allerdings: wer jetzt das Trainingslager f\u00fcr das Fr\u00fchjahr plant, f\u00fcr den kommen diese Vorschl\u00e4ge jetzt vielleicht genau richtig:<br \/>\n<a title=\"Schweiz\" href=\"https:\/\/www.radl-kini.de\/wordpress\/?page_id=68\">Lago Maggiore<\/a><\/p>\n<ul>\n<li><b>2009 November<\/b> (gefahren September 2009):<\/li>\n<\/ul>\n<p>Eine Tour durch Schweizer Jura und Franche Comt\u00e9:<br \/>\n<a title=\"Tour de Doubs (Schweiz, Jura \/ Frankreich, Franche Compte)\" href=\"http:\/\/www.radl-kini.de\/wordpress\/?p=204\">Le Tour du Doubs<\/a><\/p>\n<ul>\n<li><b>2009 November<\/b> (gefahren April 2009):<\/li>\n<\/ul>\n<p>Zwei Touren durch den Vorderen Bayerischen Wald bei (Haselbach \/ Mitterfels)<br \/>\n<a title=\"Rund um den Hirschenstein\" href=\"https:\/\/www.radl-kini.de\/wordpress\/?p=77\">Rund um den Hirschenstein (St. Engelmar)<br \/>\n<\/a><a title=\"Rettenbach Stausee\" href=\"https:\/\/www.radl-kini.de\/wordpress\/?p=96\">Rettenbach Stausee<\/a><\/p>\n<ul>\n<li><b>2008 Dezember<\/b> (gefahren Juli 2008):<\/li>\n<\/ul>\n<p>P\u00fcnktlich zum Jahresende fertiggestellt: Ein pers\u00f6nlicher Erlebnisbericht von \u00d6sterreichs h\u00e4rtestem (auf jeden Fall bestem) offenen Etappenrennen f\u00fcr Jedermann:<br \/>\n<a title=\"Peakbreak 2008\" href=\"https:\/\/www.radl-kini.de\/wordpress\/?page_id=350\">Peakbreak 200<em>8<\/em><\/a><\/p>\n<ul>\n<li><b>2008 November<\/b> (gefahren November 2008):<\/li>\n<\/ul>\n<p>Rund um den Genfer See &#8211; die ideale Rennradl-Tour f\u00fcr den Sp\u00e4therbst:<br \/>\n<a title=\"Tour de Lac Leman (Schweiz, Vaudoise)\" href=\"https:\/\/www.radl-kini.de\/wordpress\/?p=234\">Le Tour de Lac Leman 2008<\/a><\/p>\n<ul>\n<li><b>2008 Mai<\/b> (gefahren Februar 2008):<\/li>\n<\/ul>\n<p>Erster Tourbericht auf Radl-Kini (Update 02.02.2014: jetzt auch GoogleMaps Karten f\u00fcr alle Touren auf Madeira):<br \/>\n<a title=\"Madeira (2008)\" href=\"https:\/\/www.radl-kini.de\/wordpress\/?page_id=324\">Madeira 2008<\/a><\/p>\n<p align=\"center\"><img loading=\"lazy\" decoding=\"async\" class=\"aligncenter\" src=\"https:\/\/www.radl-kini.de\/images\/rk_weblogo.jpg\" alt=\"rk_weblogo\" width=\"600\" height=\"507\" align=\"middle\" border=\"0\"><\/p>\n<ul>\n<li>Gr\u00fcsse vom Autor&#8230;<\/li>\n<\/ul>\n<div style=\"width: 650px\" class=\"wp-caption aligncenter\"><img loading=\"lazy\" decoding=\"async\" src=\"https:\/\/www.radl-kini.de\/images\/Grossglockner_Peakbreak2008.jpg\" alt=\"Bild Autor\" width=\"640\" height=\"427\"><p class=\"wp-caption-text\">Foto \u00a9 Gernot Muhr<\/p><\/div>\n<p>&nbsp;<\/p>\n","protected":false},"excerpt":{"rendered":"<p>Diese Seite ist als Startseite definiert: Dieser Inhalt sollte nicht angezeigt werden! &nbsp; Servus mitnand, Keine Angst: nur die Begr\u00fc\u00dfung und die \u00dcberschriften der Men\u00fcs sind etwas bayerisch angef\u00e4rbt. Die Artikel sind (weitestgehend) in ganz normalem, manchmal vielleicht nicht ganz korrektem Hochdeutsch verfasst. Andererseits f\u00fchle ich mich dem bayerischen schon ein wenig verpflichtet &#8211; nicht zuletzt wegen dem Namen &#8222;Radl-Kini&#8220;. Zur kurzen Erkl\u00e4rung um Mi\u00dfverst\u00e4ndnissen vorzubeugen. Also &#8222;Radl&#8220; sollte auch f\u00fcr Nicht-Bayern klar sein. Und auch den Begriff &#8222;Kini&#8220; haben sicher schon viele mal geh\u00f6rt, aber in anderem Zusammenhang. F\u00fcr alle Nicht-Bayern daher, laut bayerischem W\u00f6rterbuch: Kini [kine \/ ki:ne] = K\u00f6nig Und NEIN, ich bin nicht der &#8222;K\u00f6nig der Radler&#8220; und schon gar nicht bezeichne ich mich als den besten Radler. Wohl aber ist das Gef\u00fchl in mir beim radln entlang der Felder, Fl\u00fcsse und \u00fcber H\u00fcgel und Berge oft k\u00f6niglich &#8211; gleich ob in Bayern oder au\u00dferhalb Bayerns. Denn eines ist klar: es gibt \u00fcberall in Deutschland und auf der auf der ganzen Welt sch\u00f6ne Landschaften, die es wert sind erkundet zu werden. &hellip;<\/p>\n","protected":false},"author":1,"featured_media":1480,"parent":0,"menu_order":0,"comment_status":"closed","ping_status":"closed","template":"page-templates\/front-page.php","meta":{"ngg_post_thumbnail":0,"footnotes":""},"class_list":["post-23","page","type-page","status-publish","has-post-thumbnail","hentry"],"jetpack_sharing_enabled":true,"jetpack_shortlink":"https:\/\/wp.me\/Pak1G4-n","_links":{"self":[{"href":"https:\/\/www.radl-kini.de\/wordpress\/index.php?rest_route=\/wp\/v2\/pages\/23","targetHints":{"allow":["GET"]}}],"collection":[{"href":"https:\/\/www.radl-kini.de\/wordpress\/index.php?rest_route=\/wp\/v2\/pages"}],"about":[{"href":"https:\/\/www.radl-kini.de\/wordpress\/index.php?rest_route=\/wp\/v2\/types\/page"}],"author":[{"embeddable":true,"href":"https:\/\/www.radl-kini.de\/wordpress\/index.php?rest_route=\/wp\/v2\/users\/1"}],"replies":[{"embeddable":true,"href":"https:\/\/www.radl-kini.de\/wordpress\/index.php?rest_route=%2Fwp%2Fv2%2Fcomments&post=23"}],"version-history":[{"count":86,"href":"https:\/\/www.radl-kini.de\/wordpress\/index.php?rest_route=\/wp\/v2\/pages\/23\/revisions"}],"predecessor-version":[{"id":5090,"href":"https:\/\/www.radl-kini.de\/wordpress\/index.php?rest_route=\/wp\/v2\/pages\/23\/revisions\/5090"}],"wp:featuredmedia":[{"embeddable":true,"href":"https:\/\/www.radl-kini.de\/wordpress\/index.php?rest_route=\/wp\/v2\/media\/1480"}],"wp:attachment":[{"href":"https:\/\/www.radl-kini.de\/wordpress\/index.php?rest_route=%2Fwp%2Fv2%2Fmedia&parent=23"}],"curies":[{"name":"wp","href":"https:\/\/api.w.org\/{rel}","templated":true}]}}