{"id":2051,"date":"2016-05-04T00:18:08","date_gmt":"2016-05-03T22:18:08","guid":{"rendered":"http:\/\/www.radl-kini.de\/wordpress\/?page_id=2051"},"modified":"2016-08-23T23:41:02","modified_gmt":"2016-08-23T21:41:02","slug":"olympische-spiele-rio-2016","status":"publish","type":"page","link":"https:\/\/www.radl-kini.de\/wordpress\/?page_id=2051","title":{"rendered":"Olympische Spiele Rio de Janeiro 2016"},"content":{"rendered":"<p style=\"text-align: justify;\">Das Zeitfahren der der Olympiade 2016 findet ein gutes St\u00fcck s\u00fcdwestlich von Rio de Janeiro statt. Start und Ziel des sogenannten &#8222;Grumari Rundkurs&#8220; befinden sich direkt an der K\u00fcste in Pontal.<br \/>\nIm ersten Drittel f\u00fchrt dieser Kurs leicht wellig direkt die K\u00fcste entlang. Wie immer kann man es in der virtuellen Welt mit den Luftbild-Ansichten nur erahnen, aber \u00e4hnlich wie beim Zeitfahrkurs der Giro 2016 durch das Chianti sind die Bilder dieses K\u00fcstenabschnitts spektakul\u00e4r! Auch hier gilt: unbedingt im Vollbild-Modus fahren.<br \/>\nF\u00fcr all diejenigen, die diesen Zeitfahrkurs im Rahmen von KWT unter die virtuellen R\u00e4der des Ergometers nehmen endet der gem\u00fctliche Teil allerdings nach ca. 9 Kilometern. Ein gemeiner St\u00f6renfried mit ca. 100 H\u00f6henmetern stellt sich in den Weg und macht Spielverderber: der Grumari Anstieg. 100 H\u00f6henmeter klingt nun nicht furchteinfl\u00f6\u00dfend. Aber diese 100 h\u00f6henmeter verteilen sich gerade mal \u00fcber einen Kilometer. Also ist diese Rampe im Schnitt 10 % steil. F\u00fcr ein Zeitfahren wirklich nicht ohne!<br \/>\nDie Abfahrt ist nicht weniger steil. Aber auf dem Ergometer spielt das technisch nat\u00fcrlich keine Rolle. F\u00fcr die Olympioniken in real ist das nat\u00fcrlich technisch weitaus kniffliger&#8230; Nach einer kurzen Erholungspause seht der n\u00e4chste Anstieg bei Kilometer 17 auf dem Programm: der sogenannte Grota Funda Anstieg.<br \/>\nW\u00e4hrend die Autos hier durch den Berg hindurch d\u00fcrfen, ist der Tunnel f\u00fcr die Radrennfahrer tabu. Der Grota Funda Anstieg hat laut offizieller Website der Olympischen Spiele 2016 ca. 2,1 km mit ca. 150 H\u00f6henmetern. Insgesamt also etwas l\u00e4nger als der Grumari Anstieg, daf\u00fcr aber nicht ann\u00e4hernd so gemein.<br \/>\nOben angekommen sind die restlichen 10 km bis ins Ziel in Pontal einfach. Eines sollte man allerdings bedenken. Die M\u00e4nner fahren bei den Olympischen Spielen den Grumari Rundkurs zweimal. Die Strecke hier ist die offizielle Strecke der Olympischen Spiele f\u00fcr das Einzelzeitfahren der Frauen. F\u00fcr ein Zeitfahren auf dem Ergometer erscheint mir diese Variante attraktiver. Sie ist trotz der &#8222;nur&#8220; 30 km sehr anspruchsvoll. Gleichzeitig ist diese Variante aber so kurz, dass sie f\u00fcr die meisten Teilnehmer wahrscheinlicher interessanter ist als die 54 km-Variante der Herren. Und au\u00dferderm: ich bin mal neugierig, wer trotz der nur 50 % RF die &#8222;echte&#8220; Bestzeit bei den Damen unterbieten kann.<\/p>\n<p>&nbsp;<\/p>\n<p style=\"text-align: justify;\"><span style=\"color: #008000;\"><strong>Fakten der Zeitfahretappe im Rahmen der Olympischen Spiele in Rio de Janeiro 2016:<\/strong><\/span><\/p>\n<ul>\n<li>Kurs Frauenrennen<\/li>\n<li>Termin: Mittwoch, 10. August 2016<\/li>\n<li>Modus: Einzelzeitfahren<\/li>\n<li>Streckenl\u00e4nge: 29,8 km<\/li>\n<li>Start: Tim Maia Square (Pontal),\u00a0 8 m. \u00fc. M.<\/li>\n<li>Ziel: Tim Maia Square (Pontal),\u00a0 5 m. \u00fc. M.<\/li>\n<li>Steigung (offizielle Strecke \/ KWT-Strecke):\u00a0 &#8211; \/ 447 m<\/li>\n<li>Gef\u00e4lle (offizielle Strecke \/ KWT-Strecke): &#8211;\u00a0 \/ 450 m<\/li>\n<\/ul>\n<p>&nbsp;<\/p>\n<p><span style=\"color: #ff0000;\"><strong>Fakten &amp; Einstellungen der Zeitfahretappe im Rahmen des permanenten Zeitfahren f\u00fcr Kettler World Tour (KWT):<\/strong><\/span><\/p>\n<ul>\n<li>Stand: 27.04.2016<\/li>\n<li><span style=\"color: #ff0000;\">Kursname in KWT:<\/span><br \/>\n<span style=\"color: #ff0000;\">2016 Rio de Janeiro Olympia Zeitfahren: Pontal-Pontal (v01)<\/span><\/li>\n<li>Fahrbare Modi: Einzelzeitfahren &amp; Mannschaftszeitfahren<br \/>\n(Zus\u00e4tzliche Informationen: siehe <a href=\"http:\/\/www.radl-kini.de\/wordpress\/?page_id=2040\">Regeln<\/a>)<\/li>\n<li>Einzustellender KWT Realit\u00e4tsfaktor (RF): <span style=\"color: #ff0000;\">50 %<\/span><\/li>\n<li>Einzustellende KWT Gangschaltung: <span style=\"color: #ff0000;\">Rennrad<\/span><\/li>\n<\/ul>\n<p>&nbsp;<\/p>\n<p><span style=\"color: #008000;\"><strong>GRS-Track und Profil:<\/strong><\/span><br \/>\nDownload \u00fcber Rechtsklick auf den Link und &#8222;Speichern unter&#8230;&#8220; (wird leider nicht von allen Browsern unterst\u00fctzt)<\/p>\n[sgpx gpx=&#8220;\/wp-content\/uploads\/gpx\/2016_olympia_rio_tt_women_v1.gpx&#8220;]\n<p>&nbsp;<\/p>\n<p><strong><span style=\"color: #339966;\"><span style=\"color: #008000;\">Vergr\u00f6\u00dfertes H\u00f6henprofil und Steigungsprofil:<\/span><br \/>\n<\/span><\/strong><\/p>\n<p><a href=\"http:\/\/www.radl-kini.de\/wordpress\/wp-content\/uploads\/2016\/05\/2016_olympic_rio.png\"><img loading=\"lazy\" decoding=\"async\" class=\"alignnone size-full wp-image-2131\" src=\"http:\/\/www.radl-kini.de\/wordpress\/wp-content\/uploads\/2016\/05\/2016_olympic_rio.png\" alt=\"2016_olympic_rio\" width=\"1562\" height=\"893\" \/><\/a><\/p>\n<p>&nbsp;<\/p>\n<p><span style=\"color: #008000;\"><strong>Resultate permanentes Zeitfahren f\u00fcr Kettler World Tour (KWT):<\/strong><\/span><\/p>\n<p><span style=\"text-decoration: underline;\"><span style=\"color: #008000; text-decoration: underline;\"><em>Rangliste Einzelzeitfahren (RF 50%)<br \/>\n<\/em><\/span><\/span><span style=\"color: #008000;\"><em>Sta<\/em><\/span><span style=\"color: #008000;\"><em>nd: <\/em><em>07.05.20<\/em><em>1<\/em><em>6<\/em><span style=\"text-decoration: underline;\"><em><br \/>\n<\/em><\/span><\/span><\/p>\n<p>&nbsp;<\/p>\n\n<table id=\"tablepress-5\" class=\"tablepress tablepress-id-5\">\n<thead>\n<tr class=\"row-1 odd\">\n\t<th class=\"column-1\">#<\/th><th class=\"column-2\">Name<\/th><th class=\"column-3\">Zeit<\/th><th class=\"column-4\">Datum<\/th><th class=\"column-5\">km\/h<\/th><th class=\"column-6\">RPM<\/th><th class=\"column-7\">W<\/th>\n<\/tr>\n<\/thead>\n<tbody class=\"row-hover\">\n<tr class=\"row-2 even\">\n\t<td class=\"column-1\">1<\/td><td class=\"column-2\">Capablanca<\/td><td class=\"column-3\">00:42:54<\/td><td class=\"column-4\">20.06.2016<\/td><td class=\"column-5\">41,7<\/td><td class=\"column-6\">84<\/td><td class=\"column-7\">272<\/td>\n<\/tr>\n<tr class=\"row-3 odd\">\n\t<td class=\"column-1\">2<\/td><td class=\"column-2\">Falcon<\/td><td class=\"column-3\">00:43:21<\/td><td class=\"column-4\">24.05.2016<\/td><td class=\"column-5\">41,3<\/td><td class=\"column-6\">91<\/td><td class=\"column-7\">261<\/td>\n<\/tr>\n<tr class=\"row-4 even\">\n\t<td class=\"column-1\">3<\/td><td class=\"column-2\">Radl-Kini<\/td><td class=\"column-3\">00:44:16<\/td><td class=\"column-4\">16.03.2017<\/td><td class=\"column-5\">40,4<\/td><td class=\"column-6\">91<\/td><td class=\"column-7\">254<\/td>\n<\/tr>\n<tr class=\"row-5 odd\">\n\t<td class=\"column-1\">4<\/td><td class=\"column-2\">biciman<\/td><td class=\"column-3\">00:46:29<\/td><td class=\"column-4\">19.05.2016<\/td><td class=\"column-5\">38,5<\/td><td class=\"column-6\">77<\/td><td class=\"column-7\">226<\/td>\n<\/tr>\n<tr class=\"row-6 even\">\n\t<td class=\"column-1\">5<\/td><td class=\"column-2\">Grotsch<\/td><td class=\"column-3\">00:52:24<\/td><td class=\"column-4\">10.04.2017<\/td><td class=\"column-5\">34,1<\/td><td class=\"column-6\">77<\/td><td class=\"column-7\">176<\/td>\n<\/tr>\n<\/tbody>\n<\/table>\n<!-- #tablepress-5 from cache -->\n<p>&nbsp;<\/p>\n<p><span style=\"text-decoration: underline;\"><em><span style=\"color: #008000; text-decoration: underline;\">Rangliste Mannschaftszeitfahren (RF 50%)<br \/>\n<\/span><\/em><\/span><em><span style=\"color: #008000;\"><span style=\"color: #008000;\">Sta<\/span><\/span><\/em><em><span style=\"color: #008000;\"><span style=\"color: #008000;\"><em>nd: 07.05.2016<\/em><\/span><\/span><\/em><span style=\"text-decoration: underline;\"><em><span style=\"color: #008000; text-decoration: underline;\"><span style=\"text-decoration: underline;\"><span style=\"color: #008000;\"><em><br \/>\n<\/em><\/span><\/span><\/span><\/em><\/span><\/p>\n<p>&nbsp;<\/p>\n<p><span style=\"color: #ff0000;\">Es liegen noch keine Resultate vor<\/span><\/p>\n<p>&nbsp;<\/p>\n<p>&nbsp;<\/p>\n<p><span style=\"color: #008000;\"><strong>Resultate (alle Fahrerinnen) des Einzelzeifahrens der Frauen im Rahmen der Olympischen Spiele in Rio de Janeiro 2016 zum Vergleich:<\/strong><\/span><\/p>\n<p>Mittwoch, 10. August 2016<\/p>\n\n<table id=\"tablepress-105\" class=\"tablepress tablepress-id-105\">\n<thead>\n<tr class=\"row-1 odd\">\n\t<th class=\"column-1\">Platz<\/th><th class=\"column-2\">Name<\/th><th class=\"column-3\">Land<\/th><th class=\"column-4\">Zeit<\/th><th class=\"column-5\">R\u00fcckstand<\/th>\n<\/tr>\n<\/thead>\n<tbody class=\"row-hover\">\n<tr class=\"row-2 even\">\n\t<td class=\"column-1\">1<\/td><td class=\"column-2\">ARMSTRONG Kristin<\/td><td class=\"column-3\">USA<\/td><td class=\"column-4\">00:44:26<\/td><td class=\"column-5\"><\/td>\n<\/tr>\n<tr class=\"row-3 odd\">\n\t<td class=\"column-1\">2<\/td><td class=\"column-2\">ZABELINSKAYA Olga<\/td><td class=\"column-3\">RUS<\/td><td class=\"column-4\">00:44:32<\/td><td class=\"column-5\">00:00:06<\/td>\n<\/tr>\n<tr class=\"row-4 even\">\n\t<td class=\"column-1\">3<\/td><td class=\"column-2\">VAN DER BREGGEN Anna<\/td><td class=\"column-3\">NED<\/td><td class=\"column-4\">00:44:38<\/td><td class=\"column-5\">00:00:11<\/td>\n<\/tr>\n<tr class=\"row-5 odd\">\n\t<td class=\"column-1\">4<\/td><td class=\"column-2\">VAN DIJK Ellen<\/td><td class=\"column-3\">NED<\/td><td class=\"column-4\">00:44:49<\/td><td class=\"column-5\">00:00:22<\/td>\n<\/tr>\n<tr class=\"row-6 even\">\n\t<td class=\"column-1\">5<\/td><td class=\"column-2\">LONGO BORGHINI Elisa<\/td><td class=\"column-3\">ITA<\/td><td class=\"column-4\">00:44:52<\/td><td class=\"column-5\">00:00:26<\/td>\n<\/tr>\n<tr class=\"row-7 odd\">\n\t<td class=\"column-1\">6<\/td><td class=\"column-2\">VILLUMSEN Linda<\/td><td class=\"column-3\">NZL<\/td><td class=\"column-4\">00:44:55<\/td><td class=\"column-5\">00:00:28<\/td>\n<\/tr>\n<tr class=\"row-8 even\">\n\t<td class=\"column-1\">7<\/td><td class=\"column-2\">WHITTEN Tara<\/td><td class=\"column-3\">CAN<\/td><td class=\"column-4\">00:45:01<\/td><td class=\"column-5\">00:00:35<\/td>\n<\/tr>\n<tr class=\"row-9 odd\">\n\t<td class=\"column-1\">8<\/td><td class=\"column-2\">BRENNAUER Lisa<\/td><td class=\"column-3\">GER<\/td><td class=\"column-4\">00:45:23<\/td><td class=\"column-5\">00:00:56<\/td>\n<\/tr>\n<tr class=\"row-10 even\">\n\t<td class=\"column-1\">9<\/td><td class=\"column-2\">GARFOOT Katrin<\/td><td class=\"column-3\">AUS<\/td><td class=\"column-4\">00:45:35<\/td><td class=\"column-5\">00:01:09<\/td>\n<\/tr>\n<tr class=\"row-11 odd\">\n\t<td class=\"column-1\">10<\/td><td class=\"column-2\">STEVENS Evelyn<\/td><td class=\"column-3\">USA<\/td><td class=\"column-4\">00:46:00<\/td><td class=\"column-5\">00:01:34<\/td>\n<\/tr>\n<tr class=\"row-12 even\">\n\t<td class=\"column-1\">11<\/td><td class=\"column-2\">AMIALIUSIK Alena<\/td><td class=\"column-3\">BLR<\/td><td class=\"column-4\">00:46:06<\/td><td class=\"column-5\">00:01:39<\/td>\n<\/tr>\n<tr class=\"row-13 odd\">\n\t<td class=\"column-1\">12<\/td><td class=\"column-2\">MOOLMAN-PASIO Ashleigh<\/td><td class=\"column-3\">RSA<\/td><td class=\"column-4\">00:46:29<\/td><td class=\"column-5\">00:02:03<\/td>\n<\/tr>\n<tr class=\"row-14 even\">\n\t<td class=\"column-1\">13<\/td><td class=\"column-2\">CANUEL Karol-Ann<\/td><td class=\"column-3\">CAN<\/td><td class=\"column-4\">00:46:31<\/td><td class=\"column-5\">00:02:05<\/td>\n<\/tr>\n<tr class=\"row-15 odd\">\n\t<td class=\"column-1\">14<\/td><td class=\"column-2\">POOLEY Emma<\/td><td class=\"column-3\">GBR<\/td><td class=\"column-4\">00:46:32<\/td><td class=\"column-5\">00:02:06<\/td>\n<\/tr>\n<tr class=\"row-16 even\">\n\t<td class=\"column-1\">15<\/td><td class=\"column-2\">YONAMINE Eri<\/td><td class=\"column-3\">JPN<\/td><td class=\"column-4\">00:46:43<\/td><td class=\"column-5\">00:02:17<\/td>\n<\/tr>\n<tr class=\"row-17 odd\">\n\t<td class=\"column-1\">16<\/td><td class=\"column-2\">WORRACK Trixi<\/td><td class=\"column-3\">GER<\/td><td class=\"column-4\">00:46:53<\/td><td class=\"column-5\">00:02:26<\/td>\n<\/tr>\n<tr class=\"row-18 even\">\n\t<td class=\"column-1\">17<\/td><td class=\"column-2\">LEPISTO Lotta<\/td><td class=\"column-3\">FIN<\/td><td class=\"column-4\">00:47:07<\/td><td class=\"column-5\">00:02:40<\/td>\n<\/tr>\n<tr class=\"row-19 odd\">\n\t<td class=\"column-1\">18<\/td><td class=\"column-2\">NIEWIADOMA Katarzyna<\/td><td class=\"column-3\">POL<\/td><td class=\"column-4\">00:47:48<\/td><td class=\"column-5\">00:03:22<\/td>\n<\/tr>\n<tr class=\"row-20 even\">\n\t<td class=\"column-1\">19<\/td><td class=\"column-2\">PLICHTA Anna<\/td><td class=\"column-3\">POL<\/td><td class=\"column-4\">00:48:00<\/td><td class=\"column-5\">00:03:33<\/td>\n<\/tr>\n<tr class=\"row-21 odd\">\n\t<td class=\"column-1\">20<\/td><td class=\"column-2\">SOLOVEI Ganna<\/td><td class=\"column-3\">UKR<\/td><td class=\"column-4\">00:48:03<\/td><td class=\"column-5\">00:03:37<\/td>\n<\/tr>\n<tr class=\"row-22 even\">\n\t<td class=\"column-1\">21<\/td><td class=\"column-2\">KOPECKY Lotte<\/td><td class=\"column-3\">BEL<\/td><td class=\"column-4\">00:48:10<\/td><td class=\"column-5\">00:03:43<\/td>\n<\/tr>\n<tr class=\"row-23 odd\">\n\t<td class=\"column-1\">22<\/td><td class=\"column-2\">MAJERUS Christine<\/td><td class=\"column-3\">LUX<\/td><td class=\"column-4\">00:48:16<\/td><td class=\"column-5\">00:03:50<\/td>\n<\/tr>\n<tr class=\"row-24 even\">\n\t<td class=\"column-1\">23<\/td><td class=\"column-2\">DUYCK Ann-Sophie<\/td><td class=\"column-3\">BEL<\/td><td class=\"column-4\">00:48:18<\/td><td class=\"column-5\">00:03:51<\/td>\n<\/tr>\n<tr class=\"row-25 odd\">\n\t<td class=\"column-1\">24<\/td><td class=\"column-2\">CORDON Audrey<\/td><td class=\"column-3\">FRA<\/td><td class=\"column-4\">00:49:33<\/td><td class=\"column-5\">00:05:06<\/td>\n<\/tr>\n<tr class=\"row-26 even\">\n\t<td class=\"column-1\">25<\/td><td class=\"column-2\">HEINE Vita<\/td><td class=\"column-3\">NOR<\/td><td class=\"column-4\">00:50:23<\/td><td class=\"column-5\">00:05:57<\/td>\n<\/tr>\n<\/tbody>\n<\/table>\n<!-- #tablepress-105 from cache -->\n<p style=\"text-align: justify;\"><span style=\"color: #ff0000;\">\u00a0<\/span><\/p>\n","protected":false},"excerpt":{"rendered":"<p>Das Zeitfahren der der Olympiade 2016 findet ein gutes St\u00fcck s\u00fcdwestlich von Rio de Janeiro statt. Start und Ziel des sogenannten &#8222;Grumari Rundkurs&#8220; befinden sich direkt an der K\u00fcste in Pontal. Im ersten Drittel f\u00fchrt dieser Kurs leicht wellig direkt die K\u00fcste entlang. Wie immer kann man es in der virtuellen Welt mit den Luftbild-Ansichten nur erahnen, aber \u00e4hnlich wie beim Zeitfahrkurs der Giro 2016 durch das Chianti sind die Bilder dieses K\u00fcstenabschnitts spektakul\u00e4r! Auch hier gilt: unbedingt im Vollbild-Modus fahren. F\u00fcr all diejenigen, die diesen Zeitfahrkurs im Rahmen von KWT unter die virtuellen R\u00e4der des Ergometers nehmen endet der gem\u00fctliche Teil allerdings nach ca. 9 Kilometern. Ein gemeiner St\u00f6renfried mit ca. 100 H\u00f6henmetern stellt sich in den Weg und macht Spielverderber: der Grumari Anstieg. 100 H\u00f6henmeter klingt nun nicht furchteinfl\u00f6\u00dfend. Aber diese 100 h\u00f6henmeter verteilen sich gerade mal \u00fcber einen Kilometer. Also ist diese Rampe im Schnitt 10 % steil. F\u00fcr ein Zeitfahren wirklich nicht ohne! Die Abfahrt ist nicht weniger steil. Aber auf dem Ergometer spielt das technisch nat\u00fcrlich keine Rolle. F\u00fcr die &hellip;<\/p>\n","protected":false},"author":1,"featured_media":2292,"parent":2042,"menu_order":0,"comment_status":"closed","ping_status":"closed","template":"","meta":{"ngg_post_thumbnail":0,"footnotes":""},"class_list":["post-2051","page","type-page","status-publish","has-post-thumbnail","hentry"],"jetpack_sharing_enabled":true,"jetpack_shortlink":"https:\/\/wp.me\/Pak1G4-x5","_links":{"self":[{"href":"https:\/\/www.radl-kini.de\/wordpress\/index.php?rest_route=\/wp\/v2\/pages\/2051","targetHints":{"allow":["GET"]}}],"collection":[{"href":"https:\/\/www.radl-kini.de\/wordpress\/index.php?rest_route=\/wp\/v2\/pages"}],"about":[{"href":"https:\/\/www.radl-kini.de\/wordpress\/index.php?rest_route=\/wp\/v2\/types\/page"}],"author":[{"embeddable":true,"href":"https:\/\/www.radl-kini.de\/wordpress\/index.php?rest_route=\/wp\/v2\/users\/1"}],"replies":[{"embeddable":true,"href":"https:\/\/www.radl-kini.de\/wordpress\/index.php?rest_route=%2Fwp%2Fv2%2Fcomments&post=2051"}],"version-history":[{"count":22,"href":"https:\/\/www.radl-kini.de\/wordpress\/index.php?rest_route=\/wp\/v2\/pages\/2051\/revisions"}],"predecessor-version":[{"id":2583,"href":"https:\/\/www.radl-kini.de\/wordpress\/index.php?rest_route=\/wp\/v2\/pages\/2051\/revisions\/2583"}],"up":[{"embeddable":true,"href":"https:\/\/www.radl-kini.de\/wordpress\/index.php?rest_route=\/wp\/v2\/pages\/2042"}],"wp:featuredmedia":[{"embeddable":true,"href":"https:\/\/www.radl-kini.de\/wordpress\/index.php?rest_route=\/wp\/v2\/media\/2292"}],"wp:attachment":[{"href":"https:\/\/www.radl-kini.de\/wordpress\/index.php?rest_route=%2Fwp%2Fv2%2Fmedia&parent=2051"}],"curies":[{"name":"wp","href":"https:\/\/api.w.org\/{rel}","templated":true}]}}