{"id":2048,"date":"2016-05-04T00:18:20","date_gmt":"2016-05-03T22:18:20","guid":{"rendered":"http:\/\/www.radl-kini.de\/wordpress\/?page_id=2048"},"modified":"2016-05-16T20:47:48","modified_gmt":"2016-05-16T18:47:48","slug":"olympische-spiele-london-2012","status":"publish","type":"page","link":"https:\/\/www.radl-kini.de\/wordpress\/?page_id=2048","title":{"rendered":"Olympische Spiele London 2012"},"content":{"rendered":"<p style=\"text-align: justify;\">Das ist der Zeitfahrkurs, auf dem Sir Bradley Marc Wiggins, Sieger der Tour de France 2012, seinen Olympiasieg im Einzelzeitfahren herausfuhr.<\/p>\n<p style=\"text-align: justify;\">Unter den f\u00fcnf ersten Kursen, die ich 2016 f\u00fcr das &#8222;Permanente Zeitfahren KWT&#8220; bereitstellen m\u00f6chte ist das hier sicherlich der High-Speed Kurs. \u00dcberwiegend flach bis leicht wellig ist dieser Kurs auch etwas f\u00fcr die reinen Rouleure. Und da hier in KWT, im Gegensatz zum realen Rennen, auch niemand gegen wechselnde Winde k\u00e4mpfen muss, ist das sicherlich ein Kurs, der f\u00fcr viele Teilnehmer Chancen bietet. Einzig die L\u00e4nge des Kurses stellt mit ca. 45 km hohe Anspr\u00fcche ans Stehverm\u00f6gen des Fahrers. Ziel im Rahmen des Wettbewerbs &#8222;Permanentes Zeitfahren KWT&#8220; ist, dass die Fahrten in der Regel nicht viel l\u00e4nger als eine Stunde dauern. F\u00fcr die Besten sollte dieser Kurs bei 50 % Realit\u00e4tsfaktor durchaus unter einer Stunde machbar sein. Allerdings wird man sich daf\u00fcr schon etwas qu\u00e4len m\u00fcssen. Bradley Wiggins schaffte den Kurs in knapp \u00fcber 50 Minuten. Logischerweise bei 100 % Realit\u00e4tsfaktor \ud83d\ude42<\/p>\n<p style=\"text-align: justify;\">Trotz der L\u00e4nge aus meiner Sicht in jedem Fall ein extrem interessanter Kurs f\u00fcr den ersten Versuch im Zeitfahren.<\/p>\n<p>&nbsp;<\/p>\n<p style=\"text-align: justify;\"><span style=\"color: #008000;\"><strong>Fakten der Zeitfahretappe im Rahmen der Olympischen Spiele in London 2012:<\/strong><\/span><\/p>\n<ul>\n<li>Kurs M\u00e4nnerrennen<\/li>\n<li>Termin: Mittwoch, 1. August 2012<\/li>\n<li>Modus: Einzelzeitfahren<\/li>\n<li>Streckenl\u00e4nge: 45,0 km *)<\/li>\n<li>Start: Hampton Court Palace,\u00a0 11 m. \u00fc. M.<\/li>\n<li>Ziel: Tim Maia Square (Pontal),\u00a0 12 m. \u00fc. M.<\/li>\n<li>Steigung (offizielle Strecke \/ KWT-Strecke):\u00a0 &#8211; \/ 208 m<\/li>\n<li>Gef\u00e4lle (offizielle Strecke \/ KWT-Strecke): &#8211;\u00a0 \/ 207 m<\/li>\n<\/ul>\n<p>*) Ich habe leider Angaben mit 45 und 44 km im Internet gefunden. Dar\u00fcber kann man jetzt diskutieren. Muss man aber nicht. Have Fun!<\/p>\n<p><span style=\"color: #ff0000;\"><strong>Fakten &amp; Einstellungen der Zeitfahretappe im Rahmen des permanenten Zeitfahren f\u00fcr Kettler World Tour (KWT):<\/strong><\/span><\/p>\n<ul>\n<li>Stand: 19.04.2016<\/li>\n<li><span style=\"color: #ff0000;\">Kursname in KWT:<\/span><br \/>\n<span style=\"color: #ff0000;\">2012 London Olympia Zeitfahren: Hampton Court Palace-Hampton Court Palace (v01)<\/span><\/li>\n<li>Fahrbare Modi: Einzelzeitfahren &amp; Mannschaftszeitfahren<br \/>\n(Zus\u00e4tzliche Informationen: siehe <a href=\"http:\/\/www.radl-kini.de\/wordpress\/?page_id=2040\">Regeln<\/a>)<\/li>\n<li>Einzustellender KWT Realit\u00e4tsfaktor (RF): <span style=\"color: #ff0000;\">50 %<\/span><\/li>\n<li>Einzustellende KWT Gangschaltung: <span style=\"color: #ff0000;\">Rennrad<\/span><\/li>\n<\/ul>\n<p>&nbsp;<\/p>\n<p><span style=\"color: #008000;\"><strong>GRS-Track und Profil:<\/strong><\/span><br \/>\nDownload \u00fcber Rechtsklick auf den Link und &#8222;Speichern unter&#8230;&#8220; (wird leider nicht von allen Browsern unterst\u00fctzt)<\/p>\n[sgpx gpx=&#8220;\/wp-content\/uploads\/gpx\/2016_tt_london_olympic_games_men.gpx&#8220;]\n<p>&nbsp;<\/p>\n<p><strong><span style=\"color: #339966;\"><span style=\"color: #008000;\">Vergr\u00f6\u00dfertes H\u00f6henprofil und Steigungsprofil:<\/span><br \/>\n<\/span><\/strong><\/p>\n<p><a href=\"http:\/\/www.radl-kini.de\/wordpress\/wp-content\/uploads\/2016\/05\/2016_tt_olympic_london.png\"><img loading=\"lazy\" decoding=\"async\" class=\"alignnone size-full wp-image-2163\" src=\"http:\/\/www.radl-kini.de\/wordpress\/wp-content\/uploads\/2016\/05\/2016_tt_olympic_london.png\" alt=\"2016_tt_olympic_london\" width=\"1562\" height=\"893\" srcset=\"https:\/\/www.radl-kini.de\/wordpress\/wp-content\/uploads\/2016\/05\/2016_tt_olympic_london.png 1562w, https:\/\/www.radl-kini.de\/wordpress\/wp-content\/uploads\/2016\/05\/2016_tt_olympic_london-300x172.png 300w, https:\/\/www.radl-kini.de\/wordpress\/wp-content\/uploads\/2016\/05\/2016_tt_olympic_london-768x439.png 768w, https:\/\/www.radl-kini.de\/wordpress\/wp-content\/uploads\/2016\/05\/2016_tt_olympic_london-1024x585.png 1024w\" sizes=\"auto, (max-width: 1562px) 100vw, 1562px\" \/><\/a><\/p>\n<p>&nbsp;<\/p>\n<p><span style=\"color: #008000;\"><strong>Resultate permanentes Zeitfahren f\u00fcr Kettler World Tour (KWT):<\/strong><\/span><\/p>\n<p><span style=\"text-decoration: underline;\"><span style=\"color: #008000; text-decoration: underline;\"><em>Rangliste Einzelzeitfahren (RF 50%)<br \/>\n<\/em><\/span><\/span><span style=\"color: #008000;\"><em>Sta<\/em><\/span><span style=\"color: #008000;\"><em>nd: <\/em><em>16.05.20<\/em><em>1<\/em><em>6<\/em><span style=\"text-decoration: underline;\"><em><br \/>\n<\/em><\/span><\/span><\/p>\n<p>&nbsp;<\/p>\n\n<table id=\"tablepress-1\" class=\"tablepress tablepress-id-1\">\n<thead>\n<tr class=\"row-1 odd\">\n\t<th class=\"column-1\">#<\/th><th class=\"column-2\">Name<\/th><th class=\"column-3\">Zeit<\/th><th class=\"column-4\">Datum<\/th><th class=\"column-5\">km\/h<\/th><th class=\"column-6\">RPM<\/th><th class=\"column-7\">W<\/th>\n<\/tr>\n<\/thead>\n<tbody class=\"row-hover\">\n<tr class=\"row-2 even\">\n\t<td class=\"column-1\">1<\/td><td class=\"column-2\">Capablanca<\/td><td class=\"column-3\">01:02:14<\/td><td class=\"column-4\">16.06.2016<\/td><td class=\"column-5\">43,4<\/td><td class=\"column-6\">82<\/td><td class=\"column-7\">255<\/td>\n<\/tr>\n<tr class=\"row-3 odd\">\n\t<td class=\"column-1\">2<\/td><td class=\"column-2\">Falcon<\/td><td class=\"column-3\">01:02:45<\/td><td class=\"column-4\">14.06.2016<\/td><td class=\"column-5\">43,1<\/td><td class=\"column-6\">88<\/td><td class=\"column-7\">248<\/td>\n<\/tr>\n<tr class=\"row-4 even\">\n\t<td class=\"column-1\">3<\/td><td class=\"column-2\">Radl-Kini<\/td><td class=\"column-3\">01:03:45<\/td><td class=\"column-4\">01.06.2016<\/td><td class=\"column-5\">42,4<\/td><td class=\"column-6\">90<\/td><td class=\"column-7\">238<\/td>\n<\/tr>\n<tr class=\"row-5 odd\">\n\t<td class=\"column-1\">4<\/td><td class=\"column-2\">Grotsch<\/td><td class=\"column-3\">01:04:54<\/td><td class=\"column-4\">05.05.2016<\/td><td class=\"column-5\">41,6<\/td><td class=\"column-6\">89<\/td><td class=\"column-7\">229<\/td>\n<\/tr>\n<tr class=\"row-6 even\">\n\t<td class=\"column-1\">5<\/td><td class=\"column-2\">biciman<\/td><td class=\"column-3\">01:06:07<\/td><td class=\"column-4\">18.05.2016<\/td><td class=\"column-5\">40,9<\/td><td class=\"column-6\">71<\/td><td class=\"column-7\">210<\/td>\n<\/tr>\n<tr class=\"row-7 odd\">\n\t<td class=\"column-1\">6<\/td><td class=\"column-2\">alios<\/td><td class=\"column-3\">01:15:54<\/td><td class=\"column-4\">19.04.2016<\/td><td class=\"column-5\">35,9<\/td><td class=\"column-6\">78<\/td><td class=\"column-7\">162<\/td>\n<\/tr>\n<\/tbody>\n<\/table>\n<!-- #tablepress-1 from cache -->\n<p>&nbsp;<\/p>\n<p><span style=\"text-decoration: underline;\"><em><span style=\"color: #008000; text-decoration: underline;\">Rangliste Mannschaftszeitfahren (RF 50%)<br \/>\n<\/span><\/em><\/span><em><span style=\"color: #008000;\"><span style=\"color: #008000;\">Sta<\/span><\/span><\/em><em><span style=\"color: #008000;\"><span style=\"color: #008000;\"><em>nd: 16.05.2016<\/em><\/span><\/span><\/em><span style=\"text-decoration: underline;\"><em><span style=\"color: #008000; text-decoration: underline;\"><span style=\"text-decoration: underline;\"><span style=\"color: #008000;\"><em><br \/>\n<\/em><\/span><\/span><\/span><\/em><\/span><\/p>\n<p>&nbsp;<\/p>\n<p><span style=\"color: #ff0000;\">Es liegen noch keine Resultate vor<\/span><\/p>\n<p>&nbsp;<\/p>\n<p><span style=\"color: #008000;\"><strong>Resultate (Top 20) des Einzelzeifahrens der M\u00e4nner im Rahmen der Olympischen Spiele in London 2012 zum Vergleich:<\/strong><\/span><\/p>\n<p>Mittwoch 1. August 2012<\/p>\n\n<table id=\"tablepress-101\" class=\"tablepress tablepress-id-101\">\n<thead>\n<tr class=\"row-1 odd\">\n\t<th class=\"column-1\">Platz<\/th><th class=\"column-2\">Name<\/th><th class=\"column-3\">Zeit<\/th>\n<\/tr>\n<\/thead>\n<tbody class=\"row-hover\">\n<tr class=\"row-2 even\">\n\t<td class=\"column-1\">1<\/td><td class=\"column-2\">Bradley Wiggins (GBR)<\/td><td class=\"column-3\">00:50:39<\/td>\n<\/tr>\n<tr class=\"row-3 odd\">\n\t<td class=\"column-1\">2<\/td><td class=\"column-2\">Tony Martin (GER)<\/td><td class=\"column-3\">00:51:21<\/td>\n<\/tr>\n<tr class=\"row-4 even\">\n\t<td class=\"column-1\">3<\/td><td class=\"column-2\">Christopher Froome (GBR)<\/td><td class=\"column-3\">00:51:47<\/td>\n<\/tr>\n<tr class=\"row-5 odd\">\n\t<td class=\"column-1\">4<\/td><td class=\"column-2\">Taylor Phinney (USA)<\/td><td class=\"column-3\">00:52:37<\/td>\n<\/tr>\n<tr class=\"row-6 even\">\n\t<td class=\"column-1\">5<\/td><td class=\"column-2\">Marco Pinotti (ITA)<\/td><td class=\"column-3\">00:52:48<\/td>\n<\/tr>\n<tr class=\"row-7 odd\">\n\t<td class=\"column-1\">6<\/td><td class=\"column-2\">Michael Rogers (AUS)<\/td><td class=\"column-3\">00:52:50<\/td>\n<\/tr>\n<tr class=\"row-8 even\">\n\t<td class=\"column-1\">7<\/td><td class=\"column-2\">Fabian Cancellara (SUI)<\/td><td class=\"column-3\">00:52:53<\/td>\n<\/tr>\n<tr class=\"row-9 odd\">\n\t<td class=\"column-1\">8<\/td><td class=\"column-2\">Bert Grabsch (GER)<\/td><td class=\"column-3\">00:53:17<\/td>\n<\/tr>\n<tr class=\"row-10 even\">\n\t<td class=\"column-1\">9<\/td><td class=\"column-2\">Jonathan Castroviejo (ESP)<\/td><td class=\"column-3\">00:53:28<\/td>\n<\/tr>\n<tr class=\"row-11 odd\">\n\t<td class=\"column-1\">10<\/td><td class=\"column-2\">Janez Brajkovic (SLO)<\/td><td class=\"column-3\">00:54:09<\/td>\n<\/tr>\n<tr class=\"row-12 even\">\n\t<td class=\"column-1\">11<\/td><td class=\"column-2\">Lieuwe Westra (NED)<\/td><td class=\"column-3\">00:54:19<\/td>\n<\/tr>\n<tr class=\"row-13 odd\">\n\t<td class=\"column-1\">12<\/td><td class=\"column-2\">Vasil Kiryienka (BLR)<\/td><td class=\"column-3\">00:54:29<\/td>\n<\/tr>\n<tr class=\"row-14 even\">\n\t<td class=\"column-1\">13<\/td><td class=\"column-2\">Edvald Boasson Hagen (NOR)<\/td><td class=\"column-3\">00:54:30<\/td>\n<\/tr>\n<tr class=\"row-15 odd\">\n\t<td class=\"column-1\">14<\/td><td class=\"column-2\">Lars Ytting Bak (DEN)<\/td><td class=\"column-3\">00:54:32<\/td>\n<\/tr>\n<tr class=\"row-16 even\">\n\t<td class=\"column-1\">15<\/td><td class=\"column-2\">Jakob Fuglsang (DEN)<\/td><td class=\"column-3\">00:54:33<\/td>\n<\/tr>\n<tr class=\"row-17 odd\">\n\t<td class=\"column-1\">16<\/td><td class=\"column-2\">Gustav Erik Larsson (SWE)<\/td><td class=\"column-3\">00:54:34<\/td>\n<\/tr>\n<tr class=\"row-18 even\">\n\t<td class=\"column-1\">17<\/td><td class=\"column-2\">Philippe Gilbert (BEL)<\/td><td class=\"column-3\">00:54:39<\/td>\n<\/tr>\n<tr class=\"row-19 odd\">\n\t<td class=\"column-1\">18<\/td><td class=\"column-2\">Nelson Oliveira (POR)<\/td><td class=\"column-3\">00:54:41<\/td>\n<\/tr>\n<tr class=\"row-20 even\">\n\t<td class=\"column-1\">19<\/td><td class=\"column-2\">Jack Bauer (NZL)<\/td><td class=\"column-3\">00:54:53<\/td>\n<\/tr>\n<tr class=\"row-21 odd\">\n\t<td class=\"column-1\">20<\/td><td class=\"column-2\">Denis Mentschow (RUS)<\/td><td class=\"column-3\">00:54:58<\/td>\n<\/tr>\n<\/tbody>\n<\/table>\n<!-- #tablepress-101 from cache -->\n","protected":false},"excerpt":{"rendered":"<p>Das ist der Zeitfahrkurs, auf dem Sir Bradley Marc Wiggins, Sieger der Tour de France 2012, seinen Olympiasieg im Einzelzeitfahren herausfuhr. Unter den f\u00fcnf ersten Kursen, die ich 2016 f\u00fcr das &#8222;Permanente Zeitfahren KWT&#8220; bereitstellen m\u00f6chte ist das hier sicherlich der High-Speed Kurs. \u00dcberwiegend flach bis leicht wellig ist dieser Kurs auch etwas f\u00fcr die reinen Rouleure. Und da hier in KWT, im Gegensatz zum realen Rennen, auch niemand gegen wechselnde Winde k\u00e4mpfen muss, ist das sicherlich ein Kurs, der f\u00fcr viele Teilnehmer Chancen bietet. Einzig die L\u00e4nge des Kurses stellt mit ca. 45 km hohe Anspr\u00fcche ans Stehverm\u00f6gen des Fahrers. Ziel im Rahmen des Wettbewerbs &#8222;Permanentes Zeitfahren KWT&#8220; ist, dass die Fahrten in der Regel nicht viel l\u00e4nger als eine Stunde dauern. F\u00fcr die Besten sollte dieser Kurs bei 50 % Realit\u00e4tsfaktor durchaus unter einer Stunde machbar sein. Allerdings wird man sich daf\u00fcr schon etwas qu\u00e4len m\u00fcssen. Bradley Wiggins schaffte den Kurs in knapp \u00fcber 50 Minuten. Logischerweise bei 100 % Realit\u00e4tsfaktor \ud83d\ude42 Trotz der L\u00e4nge aus meiner Sicht in jedem Fall ein extrem &hellip;<\/p>\n","protected":false},"author":1,"featured_media":2168,"parent":2042,"menu_order":0,"comment_status":"closed","ping_status":"closed","template":"","meta":{"ngg_post_thumbnail":0,"footnotes":""},"class_list":["post-2048","page","type-page","status-publish","has-post-thumbnail","hentry"],"jetpack_sharing_enabled":true,"jetpack_shortlink":"https:\/\/wp.me\/Pak1G4-x2","_links":{"self":[{"href":"https:\/\/www.radl-kini.de\/wordpress\/index.php?rest_route=\/wp\/v2\/pages\/2048","targetHints":{"allow":["GET"]}}],"collection":[{"href":"https:\/\/www.radl-kini.de\/wordpress\/index.php?rest_route=\/wp\/v2\/pages"}],"about":[{"href":"https:\/\/www.radl-kini.de\/wordpress\/index.php?rest_route=\/wp\/v2\/types\/page"}],"author":[{"embeddable":true,"href":"https:\/\/www.radl-kini.de\/wordpress\/index.php?rest_route=\/wp\/v2\/users\/1"}],"replies":[{"embeddable":true,"href":"https:\/\/www.radl-kini.de\/wordpress\/index.php?rest_route=%2Fwp%2Fv2%2Fcomments&post=2048"}],"version-history":[{"count":26,"href":"https:\/\/www.radl-kini.de\/wordpress\/index.php?rest_route=\/wp\/v2\/pages\/2048\/revisions"}],"predecessor-version":[{"id":2370,"href":"https:\/\/www.radl-kini.de\/wordpress\/index.php?rest_route=\/wp\/v2\/pages\/2048\/revisions\/2370"}],"up":[{"embeddable":true,"href":"https:\/\/www.radl-kini.de\/wordpress\/index.php?rest_route=\/wp\/v2\/pages\/2042"}],"wp:featuredmedia":[{"embeddable":true,"href":"https:\/\/www.radl-kini.de\/wordpress\/index.php?rest_route=\/wp\/v2\/media\/2168"}],"wp:attachment":[{"href":"https:\/\/www.radl-kini.de\/wordpress\/index.php?rest_route=%2Fwp%2Fv2%2Fmedia&parent=2048"}],"curies":[{"name":"wp","href":"https:\/\/api.w.org\/{rel}","templated":true}]}}