{"id":2042,"date":"2016-05-04T00:35:13","date_gmt":"2016-05-03T22:35:13","guid":{"rendered":"http:\/\/www.radl-kini.de\/wordpress\/?page_id=2042"},"modified":"2017-01-08T21:38:38","modified_gmt":"2017-01-08T19:38:38","slug":"strecken-und-resultate","status":"publish","type":"page","link":"https:\/\/www.radl-kini.de\/wordpress\/?page_id=2042","title":{"rendered":"Strecken und Resultate"},"content":{"rendered":"<p>Folgende Zeitfahrkurse sind f\u00fcr die Wertung verf\u00fcgbar:<\/p>\n<ol>\n<li><a href=\"http:\/\/www.radl-kini.de\/wordpress\/?page_id=2057\">Giro d&#8217;Italia 2016<\/a><br \/>\n9. Etappe<br \/>\nRadda in Chianti &#8211; Greve in Chianti<br \/>\nL\u00e4nge: 40,5 km<\/li>\n<li><a href=\"http:\/\/www.radl-kini.de\/wordpress\/?page_id=2046\">Tour de Suisse 2016<\/a><br \/>\n8. Etappe<br \/>\nDavos &#8211; Davos<br \/>\nL\u00e4nge: 16,8 km<\/li>\n<li><a href=\"http:\/\/www.radl-kini.de\/wordpress\/?page_id=2864\">Tour de France 2016<\/a> <span style=\"color: #ff0000;\">(NEU 08.01.2017)<\/span><br \/>\n13. Etappe<br \/>\nBourg-Saint-Andreol &#8211; La caverne du Pont-d\u2019Arc<br \/>\nL\u00e4nge: 37,5 km<\/li>\n<li><a href=\"http:\/\/www.radl-kini.de\/wordpress\/?page_id=2055\">Tour de France 2016<\/a><br \/>\n18. Etappe<br \/>\nSallanches &#8211; Meg\u00e8ve<br \/>\nL\u00e4nge: 16,6 km<\/li>\n<li><a href=\"http:\/\/www.radl-kini.de\/wordpress\/?page_id=2051\">Olympische Spiele Rio 2016<\/a><br \/>\nZeitfahrkurs Frauen<br \/>\nTim Maia Square (Pontal) &#8211; Grumari Rundkurs (einfach)<br \/>\nStreckenl\u00e4nge: 29,8 km<\/li>\n<li><a href=\"http:\/\/www.radl-kini.de\/wordpress\/?page_id=2048\">Olympische Spiele London 2012<\/a><br \/>\nZeitfahrkurs M\u00e4nner<br \/>\nHampton Court Place &#8211; Hampton Court Place<br \/>\nStreckenl\u00e4nge: 45,0 km<\/li>\n<li><a href=\"http:\/\/www.radl-kini.de\/wordpress\/?page_id=2881\">Tour de France 2017<\/a> <span style=\"color: #ff0000;\">(NEU 08.01.2017)<\/span><br \/>\n1. Etappe<br \/>\nD\u00fcsseldorf &#8211; D\u00fcsseldorf<br \/>\nL\u00e4nge: 13,9 km<\/li>\n<\/ol>\n<p style=\"text-align: justify;\">Alle Kurse \/ Strecken wurden anhand von Infos aus dem Internet von mir erstellt, nachbearbeitet und weitgehend korrigiert. Es ist aber sicherlich noch der eine oder andere Fehler in den einzelnen Strecken drin und weitere Korrekturen w\u00e4ren sicherlich noch m\u00f6glich.&nbsp; Perfektion w\u00e4re vielleicht w\u00fcnschenswert, ist aber nicht angestrebt.<\/p>\n","protected":false},"excerpt":{"rendered":"<p>Folgende Zeitfahrkurse sind f\u00fcr die Wertung verf\u00fcgbar: Giro d&#8217;Italia 2016 9. Etappe Radda in Chianti &#8211; Greve in Chianti L\u00e4nge: 40,5 km Tour de Suisse 2016 8. Etappe Davos &#8211; Davos L\u00e4nge: 16,8 km Tour de France 2016 (NEU 08.01.2017) 13. Etappe Bourg-Saint-Andreol &#8211; La caverne du Pont-d\u2019Arc L\u00e4nge: 37,5 km Tour de France 2016 18. Etappe Sallanches &#8211; Meg\u00e8ve L\u00e4nge: 16,6 km Olympische Spiele Rio 2016 Zeitfahrkurs Frauen Tim Maia Square (Pontal) &#8211; Grumari Rundkurs (einfach) Streckenl\u00e4nge: 29,8 km Olympische Spiele London 2012 Zeitfahrkurs M\u00e4nner Hampton Court Place &#8211; Hampton Court Place Streckenl\u00e4nge: 45,0 km Tour de France 2017 (NEU 08.01.2017) 1. Etappe D\u00fcsseldorf &#8211; D\u00fcsseldorf L\u00e4nge: 13,9 km Alle Kurse \/ Strecken wurden anhand von Infos aus dem Internet von mir erstellt, nachbearbeitet und weitgehend korrigiert. Es ist aber sicherlich noch der eine oder andere Fehler in den einzelnen Strecken drin und weitere Korrekturen w\u00e4ren sicherlich noch m\u00f6glich.&nbsp; Perfektion w\u00e4re vielleicht w\u00fcnschenswert, ist aber nicht angestrebt.<\/p>\n","protected":false},"author":1,"featured_media":0,"parent":2007,"menu_order":0,"comment_status":"closed","ping_status":"closed","template":"","meta":{"ngg_post_thumbnail":0,"footnotes":""},"class_list":["post-2042","page","type-page","status-publish","hentry"],"jetpack_sharing_enabled":true,"jetpack_shortlink":"https:\/\/wp.me\/Pak1G4-wW","_links":{"self":[{"href":"https:\/\/www.radl-kini.de\/wordpress\/index.php?rest_route=\/wp\/v2\/pages\/2042","targetHints":{"allow":["GET"]}}],"collection":[{"href":"https:\/\/www.radl-kini.de\/wordpress\/index.php?rest_route=\/wp\/v2\/pages"}],"about":[{"href":"https:\/\/www.radl-kini.de\/wordpress\/index.php?rest_route=\/wp\/v2\/types\/page"}],"author":[{"embeddable":true,"href":"https:\/\/www.radl-kini.de\/wordpress\/index.php?rest_route=\/wp\/v2\/users\/1"}],"replies":[{"embeddable":true,"href":"https:\/\/www.radl-kini.de\/wordpress\/index.php?rest_route=%2Fwp%2Fv2%2Fcomments&post=2042"}],"version-history":[{"count":10,"href":"https:\/\/www.radl-kini.de\/wordpress\/index.php?rest_route=\/wp\/v2\/pages\/2042\/revisions"}],"predecessor-version":[{"id":2906,"href":"https:\/\/www.radl-kini.de\/wordpress\/index.php?rest_route=\/wp\/v2\/pages\/2042\/revisions\/2906"}],"up":[{"embeddable":true,"href":"https:\/\/www.radl-kini.de\/wordpress\/index.php?rest_route=\/wp\/v2\/pages\/2007"}],"wp:attachment":[{"href":"https:\/\/www.radl-kini.de\/wordpress\/index.php?rest_route=%2Fwp%2Fv2%2Fmedia&parent=2042"}],"curies":[{"name":"wp","href":"https:\/\/api.w.org\/{rel}","templated":true}]}}