{"id":2034,"date":"2016-05-04T00:11:54","date_gmt":"2016-05-03T22:11:54","guid":{"rendered":"http:\/\/www.radl-kini.de\/wordpress\/?page_id=2034"},"modified":"2016-05-15T14:14:07","modified_gmt":"2016-05-15T12:14:07","slug":"faq","status":"publish","type":"page","link":"https:\/\/www.radl-kini.de\/wordpress\/?page_id=2034","title":{"rendered":"FAQ"},"content":{"rendered":"<p>F\u00fcr alle diejenigen, die jetzt mit dem Gedanken spielen beim &#8222;Permanenten Zeitfahren KWT&#8220; mitzumachen, hier noch ein paar Antworten auf wichtige Fragen<\/p>\n<p style=\"text-align: justify;\"><em><span style=\"color: #008000;\">&#8222;Muss ich mich irgendwo hier auch noch anmelden um Mitzumachen?&#8220;<\/span><\/em><br \/>\nNein! Ihr habt euch ja schon in KWT angemeldet. Ich stelle hier als Service f\u00fcr euch &#8222;nur&#8220; das Forum mit Strecken, Regeln und Ranglisten bereit.<\/p>\n<p style=\"text-align: justify;\"><em><span style=\"color: #008000;\">&#8222;Wie lange l\u00e4uft das Ganze f\u00fcr eine bestimmte Strecke?&#8220;<\/span><\/em><br \/>\nWie der Name &#8222;permanentes&#8220; Zeitfahren bereits andeutet ist das Ganze vorerst einmal zeitlich unbegrenzt. Eine Strecke die jetzt von mir hier zum Zeitfahren angeboten wird k\u00f6nnt ihr also heute, n\u00e4chste Woche oder in ein paar Monaten fahren.<\/p>\n<p style=\"text-align: justify;\"><em><span style=\"color: #008000;\">&#8222;Wann (zu welcher Zeit) kann ich eine bestimmte Strecke<\/span><\/em><span style=\"color: #008000;\"> fahren?&#8220;<\/span><span style=\"color: #008000;\"><br \/>\n<span style=\"color: #000000;\">Auch hier gilt: Wie der Name &#8222;permanentes&#8220; Zeitfahren sagt gibt es keine Vorgabe. Ihr k\u00f6nnt am Nachmittag um 15 Uhr ganz spontan euer ganz eigenes Zeitfahren machen. Oder von mir aus auch gerne Mitten in der Nacht \ud83d\ude42<br \/>\nIhr ben\u00f6tigt kein geplantes Rennen daf\u00fcr. Ihr erstellt spontan, wann auch immer, in KWT euer Rennen und dann geht&#8217;s los. F\u00fcr weitere Details siehe <a href=\"http:\/\/www.radl-kini.de\/wordpress\/?page_id=2040\">Regeln<\/a><\/span><\/span>.<span style=\"color: #008000;\"><br \/>\n<\/span>Vor allem aber bedeutet das auch, dass ihr euer Zeitfahren genau dann fahren k\u00f6nnt, wenn ihr euch gesund f\u00fchlt und z.B. der Ansicht seid, dass eure Form jetzt gerade optimal ist.<span style=\"color: #008000;\"><br \/>\n<\/span><\/p>\n<p style=\"text-align: justify;\"><span style=\"color: #008000;\"><em>&#8222;Wie kommen die Resultate in eine Wertung und wo finde ich diese?&#8220;<\/em><\/span><br \/>\nAutomatisch in KWT &#8211; also eurer Software f\u00fcr die Ergometersteuerung oder auf dem KWT Portal im Internet &#8211; kann so eine Wertung f\u00fcr einen Zeitfahrwettbewerb (im Moment) nicht ausgewertet und angezeigt werden.<br \/>\nGenau f\u00fcr diese L\u00fccke soll eben auch dieses Forum schlie\u00dfen. Die Resultate m\u00fcsst ihr mir nach eurem Rennen in einer geeigneten Form zuschicken. Ganz automatisch geht es also nicht. Ihr m\u00fcsst aber wirklich nicht viel machen. Ich ben\u00f6tige einfach nur eine PM in KWT oder eine Mail mit folgenden Angaben von euch:<\/p>\n<ol>\n<li>Name der gefahrenen Strecke<\/li>\n<li>Euer Name, also der KWT-Alias<\/li>\n<li>Gefahrene Zeit<\/li>\n<li>Gefahren am (Datum)<\/li>\n<\/ol>\n<p>Optional:<\/p>\n<ul>\n<li>Durchschnittsgeschwindigkeit (km\/h)<\/li>\n<li>Durchschnittsleistung (Watt)<\/li>\n<li>Durchschnittstrittfrequenz (RPM)<\/li>\n<\/ul>\n<p style=\"text-align: justify;\">Eure optionalen Daten sind f\u00fcr alle die mitmachen sehr interessant und ich nehme diese gerne in eure Wertung der Rangliste auf, wenn ihr dass wollt. Diese Angaben sind aber absolut freiwillig.<br \/>\nGrunds\u00e4tzlich will ich erst einmal niemanden dazu n\u00f6tigen viele Daten aus KWT abzutippen. Es soll einfach und schnell gehen.<\/p>\n<p style=\"text-align: justify;\"><em><span style=\"color: #008000;\">&#8222;Kann ich einen Kurs mehrmals fahren um meine Zeit zu verbessern und wie oft stehe ich dann in der Wertung?&#8220;<\/span><br \/>\n<\/em>Ihr k\u00f6nnt einen Kurs als Zeitfahren nat\u00fcrlich so oft fahren wie ihr wollt. Denn auch hier gilt: es handelt sich um ein &#8222;permanentes&#8220; Zeitfahren. Ihr k\u00f6nnt also so oft ihr wollt versuchen, eure bisherige Bestmarke zu verbessern. Dabei gilt f\u00fcr die Wertung: Ihr steht immer nur mit eurer besten gefahrenen Zeit in der Wertung!<\/p>\n<p style=\"text-align: justify;\"><strong>Beispiel 1:<\/strong><br \/>\nIhr ben\u00f6tigt an einem Tag eine Zeit von 30:00 min f\u00fcr einen bestimmten Kurs. Ein paar Wochen ben\u00f6tigt ihr auf dem gleichen Kurs 30:45 min. Ihr sein also 45 Sekunden langsamer. In diesem Fall hat eure schlechtere Zeit f\u00fcr die Wertung keine Bedeutung (bitte nicht schicken). Ihr bleibt mit den 30:00 min in der Wertung.<\/p>\n<p style=\"text-align: justify;\"><strong>Beispiel 2:<\/strong><br \/>\nIhr ben\u00f6tigt an einem Tag eine Zeit von 30:00 min f\u00fcr einen bestimmten Kurs. Ein paar Wochen ben\u00f6tigt ihr auf dem gleichen Kurs 29:51 min. Ihr sein also 9 Sekunden schneller. In schickt ihnr mir die neue Zeit mit den anderen beh\u00f6tigten Angaben (siehe oben) per PM in KWT oder mail. Eure neue, bessere Zeit von 29:51 min kommt in\u00a0 Wertung. Die alte Zeit 30:00 min fliegt daf\u00fcr raus.<\/p>\n","protected":false},"excerpt":{"rendered":"<p>F\u00fcr alle diejenigen, die jetzt mit dem Gedanken spielen beim &#8222;Permanenten Zeitfahren KWT&#8220; mitzumachen, hier noch ein paar Antworten auf wichtige Fragen &#8222;Muss ich mich irgendwo hier auch noch anmelden um Mitzumachen?&#8220; Nein! Ihr habt euch ja schon in KWT angemeldet. Ich stelle hier als Service f\u00fcr euch &#8222;nur&#8220; das Forum mit Strecken, Regeln und Ranglisten bereit. &#8222;Wie lange l\u00e4uft das Ganze f\u00fcr eine bestimmte Strecke?&#8220; Wie der Name &#8222;permanentes&#8220; Zeitfahren bereits andeutet ist das Ganze vorerst einmal zeitlich unbegrenzt. Eine Strecke die jetzt von mir hier zum Zeitfahren angeboten wird k\u00f6nnt ihr also heute, n\u00e4chste Woche oder in ein paar Monaten fahren. &#8222;Wann (zu welcher Zeit) kann ich eine bestimmte Strecke fahren?&#8220; Auch hier gilt: Wie der Name &#8222;permanentes&#8220; Zeitfahren sagt gibt es keine Vorgabe. Ihr k\u00f6nnt am Nachmittag um 15 Uhr ganz spontan euer ganz eigenes Zeitfahren machen. Oder von mir aus auch gerne Mitten in der Nacht \ud83d\ude42 Ihr ben\u00f6tigt kein geplantes Rennen daf\u00fcr. Ihr erstellt spontan, wann auch immer, in KWT euer Rennen und dann geht&#8217;s los. F\u00fcr weitere Details siehe &hellip;<\/p>\n","protected":false},"author":1,"featured_media":0,"parent":2007,"menu_order":0,"comment_status":"closed","ping_status":"closed","template":"","meta":{"ngg_post_thumbnail":0,"footnotes":""},"class_list":["post-2034","page","type-page","status-publish","hentry"],"jetpack_sharing_enabled":true,"jetpack_shortlink":"https:\/\/wp.me\/Pak1G4-wO","_links":{"self":[{"href":"https:\/\/www.radl-kini.de\/wordpress\/index.php?rest_route=\/wp\/v2\/pages\/2034","targetHints":{"allow":["GET"]}}],"collection":[{"href":"https:\/\/www.radl-kini.de\/wordpress\/index.php?rest_route=\/wp\/v2\/pages"}],"about":[{"href":"https:\/\/www.radl-kini.de\/wordpress\/index.php?rest_route=\/wp\/v2\/types\/page"}],"author":[{"embeddable":true,"href":"https:\/\/www.radl-kini.de\/wordpress\/index.php?rest_route=\/wp\/v2\/users\/1"}],"replies":[{"embeddable":true,"href":"https:\/\/www.radl-kini.de\/wordpress\/index.php?rest_route=%2Fwp%2Fv2%2Fcomments&post=2034"}],"version-history":[{"count":9,"href":"https:\/\/www.radl-kini.de\/wordpress\/index.php?rest_route=\/wp\/v2\/pages\/2034\/revisions"}],"predecessor-version":[{"id":2299,"href":"https:\/\/www.radl-kini.de\/wordpress\/index.php?rest_route=\/wp\/v2\/pages\/2034\/revisions\/2299"}],"up":[{"embeddable":true,"href":"https:\/\/www.radl-kini.de\/wordpress\/index.php?rest_route=\/wp\/v2\/pages\/2007"}],"wp:attachment":[{"href":"https:\/\/www.radl-kini.de\/wordpress\/index.php?rest_route=%2Fwp%2Fv2%2Fmedia&parent=2034"}],"curies":[{"name":"wp","href":"https:\/\/api.w.org\/{rel}","templated":true}]}}