{"id":2007,"date":"2016-05-03T01:33:52","date_gmt":"2016-05-02T23:33:52","guid":{"rendered":"http:\/\/www.radl-kini.de\/wordpress\/?page_id=2007"},"modified":"2016-05-15T15:32:56","modified_gmt":"2016-05-15T13:32:56","slug":"kwt-zeitfahren","status":"publish","type":"page","link":"https:\/\/www.radl-kini.de\/wordpress\/?page_id=2007","title":{"rendered":"KWT Zeitfahren"},"content":{"rendered":"<p><strong>Hallo Liebe KWT&#8217;ler,<\/strong><\/p>\n<p style=\"text-align: justify;\">Diese Seite soll eine Platform f\u00fcr das Projekt<br \/>\n&#8222;Permanentes Zeitfahren in <a href=\"http:\/\/www.kettlerworldtours.de\">Kettler World Tours (KWT)&#8220;<\/a><br \/>\nsein. Dabei handelt es sich um einen Wettbewerb f\u00fcr ein Online-Ergometer-Rennen.<\/p>\n<p style=\"text-align: justify;\"><span style=\"color: #008000;\"><strong>Worum geht es?<\/strong><\/span><\/p>\n<p style=\"text-align: justify;\">Ich hatte dieses Projekt bereits Mitte April 2016 in groben Z\u00fcgen im KWT-Forum untern einem Beitrag im KWT Forum beschrieben (Beitrag 20.04.2016).<br \/>\nIm Prinzip geht es darum, hier eine zus\u00e4tzliche Platfrom f\u00fcr einen permanenten Zeitfahrwettbewerb schaffen. Einen solcher Wettbewerb erscheint mir sehr spannend, ist im Moment (Stand Mai 2016) direkt unter KWT online nicht zu realisieren.<\/p>\n<p><span style=\"color: #008000;\"><strong>Das KETTRACE als Ursprung und Vorbild<\/strong><\/span><\/p>\n<p style=\"text-align: justify;\">Bevor ich das eigene Projekt &#8222;Permanentes Zeitfahren KWT&#8220; vorstelle, sollte ich vielleicht kurz das KETTRACE vorstellen. Denn das KETTRACE hat mich letztlich auch zu dieser Idee animiert.<br \/>\nEinmal im Jahr wird unter KWT vom KETTRACE-Team nun seit 2011 ein Online-Ergometer-Rennen organisiert. Der Wettbewerb geht \u00fcber mehrere Etappen von Anfang November bis Ende Februar und findet zweimal an bestimmten Tagen in der Woche statt. Ich selber bin seit 2013 begeisterter Teilnehmer. F\u00fcr ein Online-Ergometer-Rennen ist das KETTRACE wirklich eine geniale Veranstaltung. Mittlerweile stehen bei einzelnen Etappen des KETTRACE 50 &#8211; 100 Teilnehmer am Start. Nachdem die Software von Kettler bereits das jeweilige Streckenprofil sehr real umsetzt, kommen auch noch interessante Details wie &#8222;Windschatten&#8220; dazu. Das hei\u00dft, man kann und darf hier wirklich auch taktisch fahren, wenn man das kann und m\u00f6chte. Ich finde KTW so schon eine tolle Software f\u00fcr den Ergometer. Aber f\u00fcr Leute, die dann auch noch hin und wieder gerne ein Rennen bestreiten wollen ist KWT erst Recht eine sehr feine Sache. Die Rennen sind \u00fcbrigens nicht nur etwas f\u00fcr &#8222;Halbprofis&#8220;. Sicherlich fahren beim KETTRACE jede Menge starke Fahrer mit. Aber die Leistungsbandbreite \u00fcber das gesamte Teilnehmerfeld ist sehr gro\u00df. Man kann das aus meiner Sicht am besten mit dem Teilnehmerfeld bei einem Radmarathon vergleichen. Hier wie dort hat jeder Teilnehmer seine eigenen Ziele. Aber in der Gruppe zu fahren ist oft ein zus\u00e4tzlicher Ansporn das eigene Ziel zu verwirklichen.<br \/>\nGrunds\u00e4tzlich gilt beim KETTRACE: Jeder ist hier willkommen und meist findet man auch einen Mitstreiter in der eigenen Leistungsst\u00e4rke.<\/p>\n<p><span style=\"color: #008000;\"><strong>Das Projekt &#8222;Permanentes Zeitfahren KWT&#8220;<\/strong><\/span><\/p>\n<p style=\"text-align: justify;\">Und jetzt kommen die Fragen &#8222;Was ist ein &#8222;Permanentes Zeitfahren KWT &#8220; und wie soll das funktionieren?&#8220;<br \/>\nWettbewerbsm\u00e4\u00dfig ist f\u00fcr mich nach dem KETTRACE ab Anfang M\u00e4rz meist &#8222;saure Gurken Zeit&#8220;. Klar ist: auch ich steige ab M\u00e4rz mehr und mehr aufs Rennrad um und fahre drau\u00dfen. Ganz nach dem Motto &#8222;Mehr reell statt virtuell&#8220;. Andererseits fahre ich trotzdem ganzj\u00e4hrig immer wieder auf dem Ergometer, auch im Sommer. In unseren Breiten ist auf das Wetter ja oft kein Verlass. Vor allem halten sich die sonnigen Tage nicht an die Vorgabe auf ein Wochenende zu fallen. Und schlie\u00dflich wird es leider (oder Gott sei Dank) auch im Sommer irgendwann dunkel.\u00a0 Und auch hier passt die Dunkelheit nicht unbedingt immer zu meinem Freizeitverhalten. Also rauf auf den Ergometer. Aber ob dann gerade ein Rennen stattfindet ist fraglich. Nach 19 Uhr finden oft kaum Rennen satt. Klar, in KWT kann man immer selbst ein Rennen aufsetzten und gegen einen Bot fahren. Was man dann aber leider nicht kann, ist die eigene gefahrene Leistung und\/oder Zeit in diesem Fall mit der Leistung und\/oder Zeit anderer Fahrer auf dem gleichen Kurs zu vergleichen. Das ist auch nicht ganz einfach, denn jeder Fahrer darf z.B. den Realit\u00e4tsfaktor der Strecke und die Art der Gangschaltung in einem solchen, selbst erstellten Rennen frei w\u00e4hlen. Zudem stellt sich noch die Frage welchen Kurs man als &#8222;Referenz&#8220; w\u00e4hlt. So gibt es zum Beispiel f\u00fcr den ber\u00fchmt-ber\u00fcchtigten Zeitfahrkurs von <span class=\"st\">Le Bourg-d&#8217;Oisans hoch nach L&#8217;Alpe d&#8217;Huez in KWT jede Menge Varianten. Wie und was soll man da vergleichen, wenn jeder einen etwas anderen Kurs mit anderen Einstellungen f\u00e4hrt&#8230;? Das geht also so nicht.<\/span><\/p>\n<p style=\"text-align: justify;\"><span class=\"st\"><br \/>\nWenn man also ein Zeitfahren als Wettbewerb in KWT organisieren m\u00f6chte, denn ben\u00f6tigt man einige feste Vorgaben und Regeln, an die sich alle halten:<\/span><\/p>\n<ol>\n<ol>\n<li style=\"text-align: justify;\"><span class=\"st\"><span class=\"st\"><span style=\"color: #008000;\">Prim\u00e4re Vorgabe ist der Kurs<\/span>:<br \/>\nEs muss einen einzigen Kurs f\u00fcr jede Zeitfahrstrecke geben. Diesen Kurs fahren alle, die an dem Wettbewerb teilnehmen m\u00f6chten. Eine anderer oder \u00e4hnlicher Kurs oder eine modifizierte Variante (z.B. andere Gl\u00e4ttung) k\u00f6nnen nicht in die Wertung eingehen.<br \/>\nGenau diese Kurse will ich hier zur Verf\u00fcgung stellen und vorgeben. Unter der Seite <a href=\"http:\/\/www.radl-kini.de\/wordpress\/?page_id=2042\">Strecken und Resultate<\/a> findet ihr die m\u00f6glichen Kurse, die ich mit zumeist mit GPSies und KWT erstellt habe. Alle hier vorgestellen Kurse findet ihr auch auf der KWT-Webseite oder im KWT-Portal. Wenn ihr also in der Wertung mitmachen wollt, ist wichtig, dass ihr genau diesen Kurs mit diesem Namen verwendet.<\/span><\/span><\/li>\n<li style=\"text-align: justify;\"><span style=\"color: #008000;\">Vorgabe f\u00fcr Realit\u00e4tsfaktor (RF) und Schaltung:<\/span><br \/>\nMan kann die Leistungen nat\u00fcrlich nur dann vergleichen, wenn alle die mitmachen den gleichen RF und die gleiche Schaltung verwenden. Die jeweils aktuellen Vorgaben f\u00fcr jede einzelne Strecke findet ihr unter der <span class=\"st\">Seite <a href=\"http:\/\/www.radl-kini.de\/wordpress\/?page_id=2042\">Strecken und Resultate<\/a> bei den jeweiligen Kursen. <\/span>F\u00fcr den Anfang dieses Wettbewerbs wurde f\u00fcr jede Strecken \/ jeden Kurs die Einstellung RF &#8222;50 %&#8220;\u00a0 und die Schaltung &#8222;Rennrad&#8220; gew\u00e4hlt.<br \/>\nAktuelle Einzelheiten bitte aber immer unter der Seite <a href=\"http:\/\/www.radl-kini.de\/wordpress\/?page_id=2040\">Regeln <\/a>auf den Seiten der einzelnen\u00a0 Strecken\/Kursen unter <span class=\"st\"> <a href=\"http:\/\/www.radl-kini.de\/wordpress\/?page_id=2042\">Strecken und Resultate<\/a> <\/span>nachschauen.<\/li>\n<li><span style=\"color: #008000;\">Windschatten:<\/span><br \/>\nBei Zeitfahren gibt es Einzelzeitfahren und Mannschaftzeitfahren.<br \/>\n&#8211; Beim Einzelzeitfahren ist Windschattenfahren verboten.<br \/>\n&#8211; Beim Mannschaftszeitfahren darf auch mit Windschatten gefahren werden.<\/li>\n<\/ol>\n<\/ol>\n<p style=\"text-align: justify;\">\n<p style=\"text-align: justify;\">Und das waren aus meiner Sicht auch schon die drei wichtigsten Punkte. Es sind noch ein paar zus\u00e4tzliche Regeln f\u00fcr den jeweiligen Zeitfahrmodus zu beachten. Allerdings gibt es keine sehr komplizierten Regeln. Ihr d\u00fcrft zum Beispiel auch gerne unterwegs absteigen und Pause machen \ud83d\ude42<br \/>\nWenn ihr nun interessiert seid und mitmachen wollt, dann k\u00f6nnt ihr alle Regeln\u00a0 und alle aktuell verf\u00fcgbaren Strecken f\u00fcr das &#8222;Permanente Zeitfahren KWT&#8220; auf dieser Webseite in den folgenden Untermen\u00fcs finden:<\/p>\n<ul>\n<li><a href=\"http:\/\/www.radl-kini.de\/wordpress\/?page_id=2040\"><span style=\"color: #008000;\">Regeln<\/span><\/a><\/li>\n<li><a href=\"http:\/\/www.radl-kini.de\/wordpress\/?page_id=2042\"><span style=\"color: #008000;\">Strecken und Resultate<\/span><\/a><\/li>\n<\/ul>\n<p style=\"text-align: justify;\">Vielleicht hat der eine oder andere noch weitergehende Fragen. Einige dieser Fragen habe ich unter dem Men\u00fc <a href=\"http:\/\/www.radl-kini.de\/wordpress\/?page_id=2034\"><span style=\"color: #008000;\">FAQ<\/span> <\/a>adressiert. Wer noch weitere Fragen hat, der kann mir auch gerne eine PM in KWT oder eine Mail schreiben.<\/p>\n<p style=\"text-align: justify;\">In diesem Sinne hoffe ich, dass sich ein paar von euch zum mitmachen verleiten lassen.<\/p>\n<p style=\"text-align: justify;\">Euer Radl-Kini<\/p>\n","protected":false},"excerpt":{"rendered":"<p>Hallo Liebe KWT&#8217;ler, Diese Seite soll eine Platform f\u00fcr das Projekt &#8222;Permanentes Zeitfahren in Kettler World Tours (KWT)&#8220; sein. Dabei handelt es sich um einen Wettbewerb f\u00fcr ein Online-Ergometer-Rennen. Worum geht es? Ich hatte dieses Projekt bereits Mitte April 2016 in groben Z\u00fcgen im KWT-Forum untern einem Beitrag im KWT Forum beschrieben (Beitrag 20.04.2016). Im Prinzip geht es darum, hier eine zus\u00e4tzliche Platfrom f\u00fcr einen permanenten Zeitfahrwettbewerb schaffen. Einen solcher Wettbewerb erscheint mir sehr spannend, ist im Moment (Stand Mai 2016) direkt unter KWT online nicht zu realisieren. Das KETTRACE als Ursprung und Vorbild Bevor ich das eigene Projekt &#8222;Permanentes Zeitfahren KWT&#8220; vorstelle, sollte ich vielleicht kurz das KETTRACE vorstellen. Denn das KETTRACE hat mich letztlich auch zu dieser Idee animiert. Einmal im Jahr wird unter KWT vom KETTRACE-Team nun seit 2011 ein Online-Ergometer-Rennen organisiert. Der Wettbewerb geht \u00fcber mehrere Etappen von Anfang November bis Ende Februar und findet zweimal an bestimmten Tagen in der Woche statt. Ich selber bin seit 2013 begeisterter Teilnehmer. F\u00fcr ein Online-Ergometer-Rennen ist das KETTRACE wirklich eine geniale Veranstaltung. Mittlerweile &hellip;<\/p>\n","protected":false},"author":1,"featured_media":0,"parent":0,"menu_order":0,"comment_status":"closed","ping_status":"closed","template":"","meta":{"ngg_post_thumbnail":0,"footnotes":""},"class_list":["post-2007","page","type-page","status-publish","hentry"],"jetpack_sharing_enabled":true,"jetpack_shortlink":"https:\/\/wp.me\/Pak1G4-wn","_links":{"self":[{"href":"https:\/\/www.radl-kini.de\/wordpress\/index.php?rest_route=\/wp\/v2\/pages\/2007","targetHints":{"allow":["GET"]}}],"collection":[{"href":"https:\/\/www.radl-kini.de\/wordpress\/index.php?rest_route=\/wp\/v2\/pages"}],"about":[{"href":"https:\/\/www.radl-kini.de\/wordpress\/index.php?rest_route=\/wp\/v2\/types\/page"}],"author":[{"embeddable":true,"href":"https:\/\/www.radl-kini.de\/wordpress\/index.php?rest_route=\/wp\/v2\/users\/1"}],"replies":[{"embeddable":true,"href":"https:\/\/www.radl-kini.de\/wordpress\/index.php?rest_route=%2Fwp%2Fv2%2Fcomments&post=2007"}],"version-history":[{"count":29,"href":"https:\/\/www.radl-kini.de\/wordpress\/index.php?rest_route=\/wp\/v2\/pages\/2007\/revisions"}],"predecessor-version":[{"id":2313,"href":"https:\/\/www.radl-kini.de\/wordpress\/index.php?rest_route=\/wp\/v2\/pages\/2007\/revisions\/2313"}],"wp:attachment":[{"href":"https:\/\/www.radl-kini.de\/wordpress\/index.php?rest_route=%2Fwp%2Fv2%2Fmedia&parent=2007"}],"curies":[{"name":"wp","href":"https:\/\/api.w.org\/{rel}","templated":true}]}}