{"id":1823,"date":"2016-04-17T14:38:36","date_gmt":"2016-04-17T12:38:36","guid":{"rendered":"http:\/\/www.radl-kini.de\/wordpress\/?page_id=1823"},"modified":"2018-05-06T23:06:54","modified_gmt":"2018-05-06T21:06:54","slug":"palmares","status":"publish","type":"page","link":"https:\/\/www.radl-kini.de\/wordpress\/?page_id=1823","title":{"rendered":"Palmkatzl (Palmar\u00e8s)"},"content":{"rendered":"<p>Der Duden weist dem Begriff mit &#8222;Palmar\u00e8s&#8220; (Pal\u00adma\u00adr\u00e8s, der) zwei Bedeutungen zu:<\/p>\n<ol>\n<li id=\"b2-Bedeutung-a\">Liste der Siege, die jemand (besonders in einem sportlichen Wettbewerb) errungen hat<\/li>\n<li id=\"b2-Bedeutung-b\">Siegerliste<\/li>\n<\/ol>\n<p class=\"r\" style=\"text-align: justify;\">Das, was man typischerweise als Sieg bezeichnet, kann ich in meiner bescheidenen &#8222;Karriere&#8220; als Teilnehmer an Jedermannrennen und Marathons bisher (noch) nicht aufweisen. Vielleicht wird das mit solchen Siegen auch nichts mehr. Trotzdem&nbsp; ist bisher jede Teilnahme und jedes damit verbundene Finish ein pers\u00f6nlicher Erfolg gewesen. Selbst die beiden DNF (did not finish) bei der Tour du Mont Blanc 2010 und dem Endura Alpentraum 2014 f\u00fchlten sich nicht unbedingt wie Niederlagen an. Der Ordnung halber will ich die DNF Rennen aber in dieser Rubrik nicht als &#8222;Palmar\u00e8s&#8220; bezeichen. Sie sind unten unter der Rubrik &#8222;DNF&#8220; aufgef\u00fchrt.<\/p>\n<p class=\"r\" style=\"text-align: justify;\">In der Hinsicht trifft aber die bayerische&nbsp; Bezeichnnung &#8222;Palmkatzl&#8220; (Aussprache: b<u>\u00e5i<\/u>mk\u00e0zzl) dieses Men\u00fcs der Webseite wohl besser zu, als &#8222;Palmar\u00e8s&#8220;. Palmares klingt irgendwie zu gro\u00df und erhaben. Palmkatzl klingt da doch schon etwas kleiner und bescheidener. So soll&#8217;s sein \ud83d\ude42<\/p>\n<p class=\"r\"><span style=\"text-decoration: underline;\"><span style=\"color: #008000;\"><em><strong>Palmkatzl \/ Palmar\u00e8s (Rennen &amp; Marathons mit Finish)<br \/>\n<\/strong><\/em><\/span><\/span><\/p>\n<ul>\n<li class=\"r\"><span style=\"color: #008000;\"><em><strong>2017<\/strong><\/em><\/span><br \/>\n&#8211; <span style=\"color: #008000;\">Granfondo Stelvio<\/span><br \/>\nLangdistanz: 151 km \/ 4058 hm<br \/>\n<span style=\"color: #008000;\">&#8211; L\u00fcttich-Bastogne-L\u00fcttich<\/span><br \/>\nMitteldistanz: 158 km \/ 2490 hm<br \/>\n<span style=\"color: #008000;\">&#8211; La Challenge Vercors<\/span><br \/>\nLangdistanz 162 km \/ 3800 hm<\/li>\n<li class=\"r\"><span style=\"color: #008000;\"><em><strong>2016<\/strong><\/em><\/span><br \/>\n<span style=\"color: #008000;\">&#8211; Gurnigel Panorama Classics<\/span> (Gwatt bei Thun)<br \/>\nGurnigel 3-fach: 146 km \/ 3370 hm<br \/>\n3 Bergzeitfahren hintereinander<br \/>\n<span style=\"color: #008000;\">&#8211; Einzelzeitfahren &#8222;King of the Lake&#8220;<\/span> (Attersee)<br \/>\n47,2 km, 266 hm<\/li>\n<li class=\"r\"><span style=\"color: #008000;\"><em><strong>2013<\/strong><\/em><\/span><br \/>\n<span style=\"color: #008000;\">&#8211; Seeland Classic<\/span><br \/>\nMitteldistanz 67 km \/ 840 hm<br \/>\n<span style=\"color: #008000;\">&#8211; 24-Stunden Rennen Kelheim<\/span><br \/>\n25 Runden; gesamt 409 km \/ 5750 hm<\/li>\n<li class=\"r\"><em><span style=\"color: #008000;\"><strong>2012<\/strong><\/span><\/em><br \/>\n<span style=\"color: #008000;\">&#8211; Einzelzeitfahren Grabener H\u00f6he<\/span> (bei Bad Waldsee)<br \/>\n10 km , 228 hm<\/li>\n<li class=\"r\"><span style=\"color: #008000;\"><em><strong>2011<\/strong><\/em><\/span><br \/>\n<span style=\"color: #008000;\">&#8211; Seeland Classic<\/span><br \/>\nMitteldistanz 67 km \/ 840 hm<\/li>\n<li class=\"r\"><em><strong><span style=\"color: #008000;\">2010<\/span><\/strong><\/em><br \/>\n<span style=\"color: #008000;\">&#8211; Trois Ballons<\/span><br \/>\nLangdistanz 210 km \/ 4400 hm<br \/>\n<span style=\"color: #008000;\">&#8211; La Ventoux<\/span><br \/>\nLangdistanz 134 km \/ 3100 hm<\/li>\n<li class=\"r\"><span style=\"color: #008000;\"><em><strong>2009<\/strong><\/em><\/span><br \/>\n<span style=\"color: #008000;\">&#8211; Peakbreak (7 Tagesetappen)<\/span><br \/>\n<span style=\"color: #008000;\"><span style=\"color: #000000;\">Gesamtdistanz 1000 km \/ 18000 hm<br \/>\n&#8211; <\/span>Bergzeitfahren &#8222;Schauinslandk\u00f6nig&#8220;<span style=\"color: #000000;\"> (Freiburg im Breisgau)<\/span><\/span><br \/>\n11,5 km, 770 hm (Zeit: 00:44:15,3)<\/li>\n<li class=\"r\"><em><strong><span style=\"color: #008000;\">2008<\/span><\/strong><\/em><br \/>\n<span style=\"color: #008000;\">&#8211; Peakbreak (7 Tagesetappen)<br \/>\n<span style=\"color: #000000;\">Gesamtdistanz 1000 km \/ 18000 hm<\/span><\/span><br \/>\n<span style=\"color: #008000;\">&#8211; Z\u00fcri Metzgete<\/span><br \/>\nLangdistanz 100 km \/ ca. 1250 hm<\/li>\n<li class=\"r\"><span style=\"color: #008000;\"><em><strong>2007<\/strong><\/em><\/span><br \/>\n<span style=\"color: #008000;\">&#8211; Seeland Classic<\/span><br \/>\nLangdistanz 102 km \/ 1260 hm<br \/>\n<span style=\"color: #008000;\">&#8211; La Morzine Vall\u00e9e d&#8217;Aulps<\/span><br \/>\nLangdistanz 155 km \/ 3800 hm<br \/>\n<span style=\"color: #008000;\">&#8211; La Marmotte<\/span><br \/>\nLangdistanz 174 km \/ 5000 hm<br \/>\n<span style=\"color: #008000;\">&#8211; Arber Radmarathon<\/span><br \/>\nLangdistanz 250 km \/ 3300 hm<\/li>\n<li class=\"r\"><em><strong><span style=\"color: #008000;\">2006<\/span><\/strong><\/em><br \/>\n<span style=\"color: #008000;\">&#8211; Gerolsteiner Tourfestival<\/span><br \/>\n<span style=\"color: #000000;\">Einzelzeitfahren mit Bergankunft ca. 20,2 km \/ 560 hm<\/span><br \/>\n<span style=\"color: #008000;\">&#8211; Deutschland Tour (3 Tagesetappen)<\/span><br \/>\nLangdistanzen &amp; Einzelzeitfahen (Gesamtwertung)<br \/>\n<span style=\"color: #008000;\">&#8211; La Vosgienne<\/span><br \/>\nLangdistanz ca. 167 km \/ ca. 3800 hm<br \/>\n&#8211; Engadiner Radmarathon<br \/>\nLangdistanz ca. 172 km \/ ca. 3400 hm<\/li>\n<\/ul>\n<ul>\n<li class=\"r\"><em><strong><span style=\"color: #008000;\">2005<\/span><\/strong><\/em><br \/>\n<span style=\"color: #008000;\">&#8211; Rund um K\u00f6ln<\/span><br \/>\nKurzdistanz ca. 70 km \/ ca. 500 hm<br \/>\n<span style=\"color: #008000;\">&#8211; Alpenbrevet<\/span><br \/>\nKurzdistanz 120 km \/ 3550 hm<\/li>\n<\/ul>\n<p><span style=\"text-decoration: underline;\"><span style=\"color: #008000;\"><em><strong>DNF<\/strong><\/em><\/span><\/span><\/p>\n<ul>\n<li class=\"r\"><span style=\"color: #008000;\"><em><strong>2010<\/strong><\/em><\/span><br \/>\n<span style=\"color: #008000;\">&#8211; Tour du Mont Blanc:<\/span><br \/>\nLangdistanz 330 km<br \/>\nnach 300 km Zeit\u00fcberschreitung am letzten Kontrollpunkt oben auf dem Cormet de Roselend. Ab in den Besenwagen&#8230;<\/li>\n<li class=\"r\"><span style=\"color: #008000;\"><em><strong>2014<\/strong><\/em><\/span><br \/>\n<span style=\"color: #008000;\">&#8211; Endura Alpentraum<\/span><br \/>\nLangdistanz 252 km<br \/>\nnach ca. 200 km Zeit\u00fcberschreitung um 15 Sekunden am letzten Kontrollpunkt am Fu\u00df des Stilfser Jochs (war wohl besser so :-).<br \/>\nDNF f\u00fcr die lange Strecke, aber offiziellerFinisher f\u00fcr die verk\u00fcrzte Langdistanz &#8222;Pradrunde&#8220; nach&nbsp;10:39:07 (ca. 220 km) und Platz 8 von 64. Immerhin: mal ein Top 10 Platz bei einem vern\u00fcnftigen Teilnehmerfeld.<br \/>\nP.S.: Witzig, &#8222;Pradrunde&#8220; klingt so nach &#8222;Feierabendrunde&#8220; \ud83d\ude42<\/li>\n<\/ul>\n","protected":false},"excerpt":{"rendered":"<p>Der Duden weist dem Begriff mit &#8222;Palmar\u00e8s&#8220; (Pal\u00adma\u00adr\u00e8s, der) zwei Bedeutungen zu: Liste der Siege, die jemand (besonders in einem sportlichen Wettbewerb) errungen hat Siegerliste Das, was man typischerweise als Sieg bezeichnet, kann ich in meiner bescheidenen &#8222;Karriere&#8220; als Teilnehmer an Jedermannrennen und Marathons bisher (noch) nicht aufweisen. Vielleicht wird das mit solchen Siegen auch nichts mehr. Trotzdem&nbsp; ist bisher jede Teilnahme und jedes damit verbundene Finish ein pers\u00f6nlicher Erfolg gewesen. Selbst die beiden DNF (did not finish) bei der Tour du Mont Blanc 2010 und dem Endura Alpentraum 2014 f\u00fchlten sich nicht unbedingt wie Niederlagen an. Der Ordnung halber will ich die DNF Rennen aber in dieser Rubrik nicht als &#8222;Palmar\u00e8s&#8220; bezeichen. Sie sind unten unter der Rubrik &#8222;DNF&#8220; aufgef\u00fchrt. In der Hinsicht trifft aber die bayerische&nbsp; Bezeichnnung &#8222;Palmkatzl&#8220; (Aussprache: b\u00e5imk\u00e0zzl) dieses Men\u00fcs der Webseite wohl besser zu, als &#8222;Palmar\u00e8s&#8220;. Palmares klingt irgendwie zu gro\u00df und erhaben. Palmkatzl klingt da doch schon etwas kleiner und bescheidener. So soll&#8217;s sein \ud83d\ude42 Palmkatzl \/ Palmar\u00e8s (Rennen &amp; Marathons mit Finish) 2017 &#8211; Granfondo Stelvio Langdistanz: 151 &hellip;<\/p>\n","protected":false},"author":1,"featured_media":0,"parent":0,"menu_order":0,"comment_status":"closed","ping_status":"closed","template":"","meta":{"ngg_post_thumbnail":0,"footnotes":""},"class_list":["post-1823","page","type-page","status-publish","hentry"],"jetpack_sharing_enabled":true,"jetpack_shortlink":"https:\/\/wp.me\/Pak1G4-tp","_links":{"self":[{"href":"https:\/\/www.radl-kini.de\/wordpress\/index.php?rest_route=\/wp\/v2\/pages\/1823","targetHints":{"allow":["GET"]}}],"collection":[{"href":"https:\/\/www.radl-kini.de\/wordpress\/index.php?rest_route=\/wp\/v2\/pages"}],"about":[{"href":"https:\/\/www.radl-kini.de\/wordpress\/index.php?rest_route=\/wp\/v2\/types\/page"}],"author":[{"embeddable":true,"href":"https:\/\/www.radl-kini.de\/wordpress\/index.php?rest_route=\/wp\/v2\/users\/1"}],"replies":[{"embeddable":true,"href":"https:\/\/www.radl-kini.de\/wordpress\/index.php?rest_route=%2Fwp%2Fv2%2Fcomments&post=1823"}],"version-history":[{"count":30,"href":"https:\/\/www.radl-kini.de\/wordpress\/index.php?rest_route=\/wp\/v2\/pages\/1823\/revisions"}],"predecessor-version":[{"id":4533,"href":"https:\/\/www.radl-kini.de\/wordpress\/index.php?rest_route=\/wp\/v2\/pages\/1823\/revisions\/4533"}],"wp:attachment":[{"href":"https:\/\/www.radl-kini.de\/wordpress\/index.php?rest_route=%2Fwp%2Fv2%2Fmedia&parent=1823"}],"curies":[{"name":"wp","href":"https:\/\/api.w.org\/{rel}","templated":true}]}}